{"id":1012,"date":"2021-03-25T18:23:33","date_gmt":"2021-03-25T18:23:33","guid":{"rendered":"https:\/\/pepenero.cz\/about-us\/"},"modified":"2021-05-11T09:08:55","modified_gmt":"2021-05-11T09:08:55","slug":"about-us","status":"publish","type":"page","link":"https:\/\/pepenero.cz\/cs\/about-us\/","title":{"rendered":"About Us"},"content":{"rendered":"<p>[vc_row box_padding=&#8221;no-padding&#8221; css=&#8221;.vc_custom_1620117448984{margin-bottom: 50px !important;}&#8221;][vc_column][vc_column_text css=&#8221;.vc_custom_1620723939439{margin-bottom: 50px !important;}&#8221;]<\/p>\n<h3 class=\"font4\" style=\"color: #c59d5f; text-transform: capitalize; margin: 60px 0 -35px 0; text-align: center; font-size: 60px;\">Poznejte<\/h3>\n<h2 class=\"heading text-center\" style=\"text-align: center;\">N\u00c1\u0160 T\u00ddM<\/h2>\n<p>T\u00fdm PepeNero se skl\u00e1d\u00e1 z profesion\u00e1l\u016f, kte\u0159\u00ed se zaj\u00edmaj\u00ed o dobr\u00e9 j\u00eddlo, gastronomii a pohostinstv\u00ed.<br \/>\nSna\u017e\u00edme se ka\u017ed\u00e9mu z\u00e1kazn\u00edkovi zaru\u010dit autentick\u00fd, neform\u00e1ln\u00ed a p\u0159\u00edjemn\u00fd z\u00e1\u017eitek.<br \/>\nMnoho let p\u0159in\u00e1\u0161\u00edme do Prahy tu pravou italskou kuchyni a vyb\u00edr\u00e1me vysoce kvalitn\u00ed suroviny p\u0159\u00edmo z It\u00e1lie.<br \/>\nMist\u0159i kucha\u0159i a pizzaioli poch\u00e1zej\u00ed z It\u00e1lie, z \u010cech i z cel\u00e9ho sv\u011bta: italsk\u00e9 chut\u011b dob\u0159e zn\u00e1me a r\u00e1di je sd\u00edl\u00edme se v\u0161emi na\u0161imi hosty.<br \/>\n[\/vc_column_text][vc_row_inner][vc_column_inner][vc_masonry_media_grid grid_id=&#8221;vc_gid:1620723840364-1f824176-98eb-2&#8243; include=&#8221;913,911,909,907,905,903&#8243;][\/vc_column_inner][\/vc_row_inner][\/vc_column][\/vc_row][vc_row box_padding=&#8221;padding-100&#8243; theme_color=&#8221;dark&#8221; overlay=&#8221;transparent-bg-3&#8243; parallax=&#8221;image&#8221; parallax_image=&#8221;442&#8243; el_id=&#8221;team&#8221;][vc_column][vc_add_heading title=&#8221;NA\u0160I ZAM\u011aSTNANCI&#8221; subtitle=&#8221;V\u00e1\u0161e\u0148, tvrd\u00e1 pr\u00e1ce a radost ze spole\u010dn\u00e9ho d\u00edla&#8221;][vc_team_members_carousel num=&#8221;2&#8243;][\/vc_column][\/vc_row][vc_row][vc_column][vc_column_text css=&#8221;.vc_custom_1620724108863{margin-bottom: 30px !important;}&#8221;]<\/p>\n<h3 class=\"font4\" style=\"color: #c59d5f; text-transform: capitalize; margin: 60px 0 -35px 0; text-align: center; font-size: 60px;\">Poznejte:<\/h3>\n<h2 class=\"heading text-center\">NA\u0160E MISE<\/h2>\n<p>Na\u0161e mise je velmi jednoduch\u00e1: p\u0159in\u00e9st do Prahy autentickou italskou kuchyni v p\u0159\u00e1telsk\u00e9 atmosf\u00e9\u0159e a za f\u00e9rov\u00e9 ceny.<br \/>\nM\u00e1me r\u00e1di j\u00eddlo, zbo\u017e\u0148ujeme v\u00edno a r\u00e1di se o v\u0161e pod\u011bl\u00edme s na\u0161imi hosty.<br \/>\nNa\u0161\u00edm c\u00edlem je poskytnout ka\u017ed\u00e9mu hostu jedine\u010dn\u00fd z\u00e1\u017eitek a objevit n\u011bco nov\u00e9ho v italsk\u00e9 kuchyni.<br \/>\nPepeNero nen\u00ed luxusn\u00ed restaurace, kam se mus\u00edte form\u00e1ln\u011b obl\u00e9knout, abyste mohli p\u0159ij\u00edt. Je to \u00fatuln\u00e9 m\u00edsto s neform\u00e1ln\u00ed atmosf\u00e9rou, ide\u00e1ln\u00ed pro rodinn\u00e9 ve\u010de\u0159e a soukrom\u00e9 akce.<br \/>\nNed\u00e1vno jsme, pobl\u00ed\u017e vinn\u00e9ho sklepa, otev\u0159eli prostory pro 20 osob: ide\u00e1ln\u00ed pro kancel\u00e1\u0159sk\u00e9 sch\u016fzky, soukrom\u00e9 akce a oslavy.<br \/>\n[\/vc_column_text][vc_empty_space height=&#8221;150px&#8221;][\/vc_column][\/vc_row][vc_row box_padding=&#8221;no-padding&#8221; css=&#8221;.vc_custom_1618335682881{background-color: #c9c9c9 !important;}&#8221;][vc_column][vc_single_image image=&#8221;915&#8243; img_size=&#8221;full&#8221; alignment=&#8221;center&#8221; css_animation=&#8221;bounceInRight&#8221;][\/vc_column][\/vc_row]<\/p>\n","protected":false},"excerpt":{"rendered":"<p>[vc_row box_padding=&#8221;no-padding&#8221; css=&#8221;.vc_custom_1620117448984{margin-bottom: 50px !important;}&#8221;][vc_column][vc_column_text css=&#8221;.vc_custom_1620723939439{margin-bottom: 50px !important;}&#8221;] Poznejte N\u00c1\u0160 T\u00ddM T\u00fdm PepeNero se skl\u00e1d\u00e1 z<\/p>\n","protected":false},"author":1,"featured_media":0,"parent":0,"menu_order":0,"comment_status":"closed","ping_status":"closed","template":"page-templates\/page-builder-with-title.php","meta":{"footnotes":""},"class_list":["post-1012","page","type-page","status-publish","hentry"],"_links":{"self":[{"href":"https:\/\/pepenero.cz\/cs\/wp-json\/wp\/v2\/pages\/1012","targetHints":{"allow":["GET"]}}],"collection":[{"href":"https:\/\/pepenero.cz\/cs\/wp-json\/wp\/v2\/pages"}],"about":[{"href":"https:\/\/pepenero.cz\/cs\/wp-json\/wp\/v2\/types\/page"}],"author":[{"embeddable":true,"href":"https:\/\/pepenero.cz\/cs\/wp-json\/wp\/v2\/users\/1"}],"replies":[{"embeddable":true,"href":"https:\/\/pepenero.cz\/cs\/wp-json\/wp\/v2\/comments?post=1012"}],"version-history":[{"count":0,"href":"https:\/\/pepenero.cz\/cs\/wp-json\/wp\/v2\/pages\/1012\/revisions"}],"wp:attachment":[{"href":"https:\/\/pepenero.cz\/cs\/wp-json\/wp\/v2\/media?parent=1012"}],"curies":[{"name":"wp","href":"https:\/\/api.w.org\/{rel}","templated":true}]}}