{"id":1013,"date":"2021-03-26T00:45:54","date_gmt":"2021-03-26T00:45:54","guid":{"rendered":"https:\/\/pepenero.cz\/cuisine\/"},"modified":"2021-05-11T09:34:35","modified_gmt":"2021-05-11T09:34:35","slug":"cuisine","status":"publish","type":"page","link":"https:\/\/pepenero.cz\/cs\/cuisine\/","title":{"rendered":"Cuisine"},"content":{"rendered":"<p>[vc_row box_padding=&#8221;padding-t-40&#8243; el_id=&#8221;pastafresca&#8221;][vc_column width=&#8221;1\/2&#8243; text_align=&#8221;text-center&#8221; offset=&#8221;vc_col-md-6 vc_col-xs-12&#8243;][vc_single_image image=&#8221;871&#8243; img_size=&#8221;large&#8221; style=&#8221;vc_box_rounded&#8221; css_animation=&#8221;slideInLeft&#8221;][\/vc_column][vc_column width=&#8221;1\/2&#8243; offset=&#8221;vc_col-md-6 vc_col-xs-12&#8243;][vc_column_text]<\/p>\n<h3 class=\"font4\" style=\"color: #c59d5f; text-transform: capitalize; margin: 60px 0 -35px 0; text-align: center; font-size: 60px;\">Cerstv\u00e9 testoviny<\/h3>\n<h2 class=\"heading\" style=\"text-align: center;\">RU\u010cN\u00cd V\u00ddROBA<\/h2>\n<p><span style=\"font-size: 18px; font-weight: 200; font-style: italic;\">V\u0161ichni miluj\u00ed t\u011bstoviny a my tak\u00e9!<br \/>\nDenn\u011b p\u0159ipravujeme ru\u010dn\u011b vyr\u00e1b\u011bn\u00e9 t\u011bstoviny, \u010derstv\u00e9, stejn\u011b jako v\u0161echna na\u0161e j\u00eddla.<br \/>\nM\u00e1me v\u00fdb\u011br su\u0161en\u00fdch t\u011bstovin od jednoho z nejlep\u0161\u00edch italsk\u00fdch v\u00fdrobc\u016f Rummo, a pro v\u011bt\u0161inu na\u0161ich hlavn\u00edch j\u00eddel nab\u00edz\u00edme tak\u00e9 bezlepkov\u00e9 verze.<br \/>\nVyr\u00e1b\u00edme t\u011bstoviny i om\u00e1\u010dky: tradi\u010dn\u00ed, sez\u00f3nn\u00ed, a v\u017edy tak, jak jsou obl\u00edben\u00e9 u na\u0161ich host\u016f.<\/span>[\/vc_column_text][\/vc_column][\/vc_row][vc_row box_padding=&#8221;padding-30&#8243; css=&#8221;.vc_custom_1619775040779{margin-top: 25px !important;}&#8221;][vc_column width=&#8221;1\/2&#8243; text_align=&#8221;text-center&#8221; offset=&#8221;vc_col-md-6 vc_col-xs-12&#8243;][vc_column_text]<\/p>\n<h3 class=\"font4\" style=\"color: #c59d5f; text-transform: capitalize; margin: 60px 0 -35px 0; text-align: center; font-size: 60px;\">Pec na drevo<\/h3>\n<h2 class=\"heading\" style=\"text-align: center;\">Pizza<\/h2>\n<p style=\"text-align: left;\"><span style=\"font-size: 18px; font-weight: 200; font-style: italic; text-align: left;\">Pizza PepeNero je k\u0159upav\u00e1, bohat\u00e1 a vo\u0148av\u00e1.<br \/>\nT\u011bsto kyne minim\u00e1ln\u011b 24 hodin, aby byla zaji\u0161t\u011bna lehkost a stravitelnost.<br \/>\nKombinovan\u00e1 pec na plyn a na d\u0159evo umo\u017e\u0148uje regulaci teploty a z\u00e1rove\u0148 dod\u00e1 pizze jedine\u010dnou v\u016fn\u00ed d\u0159eva.<br \/>\n<\/span><\/p>\n<p>[\/vc_column_text][\/vc_column][vc_column width=&#8221;1\/2&#8243; offset=&#8221;vc_col-md-6 vc_col-xs-12&#8243;][vc_single_image image=&#8221;873&#8243; img_size=&#8221;large&#8221; style=&#8221;vc_box_rounded&#8221; css_animation=&#8221;slideInRight&#8221;][\/vc_column][\/vc_row][vc_row box_padding=&#8221;no-padding&#8221; css=&#8221;.vc_custom_1619775052278{margin-top: 25px !important;}&#8221;][vc_column width=&#8221;1\/2&#8243; text_align=&#8221;text-center&#8221; offset=&#8221;vc_col-md-6 vc_col-xs-12&#8243;][vc_single_image image=&#8221;875&#8243; img_size=&#8221;large&#8221; style=&#8221;vc_box_rounded&#8221; css_animation=&#8221;slideInLeft&#8221;][vc_empty_space height=&#8221;150px&#8221;][\/vc_column][vc_column width=&#8221;1\/2&#8243; offset=&#8221;vc_col-md-6 vc_col-xs-12&#8243;][vc_column_text]<\/p>\n<h3 class=\"font4\" style=\"color: #c59d5f; margin: 60px 0 -35px 0; text-align: center; font-size: 60px;\">N\u00e1\u0161 v\u00fdber<\/h3>\n<h2 class=\"heading\" style=\"text-align: center;\">DEZERT<\/h2>\n<p><span style=\"font-size: 18px; font-weight: 200; font-style: italic;\">Mist\u0159i cukr\u00e1\u0159i z PepeNero p\u0159ipravuj\u00ed n\u011bkter\u00e9 z nej\u00fa\u017easn\u011bj\u0161\u00edch tradi\u010dn\u00edch italsk\u00fdch dezert\u016f: tiramisu, panna cotta a b\u00e1je\u010dn\u00fd \u010dokol\u00e1dov\u00fd dort s vanilkovou zmrzlinou, kter\u00fd vid\u00edte na tomto obr\u00e1zku.<br \/>\nP\u0159i objedn\u00e1v\u00e1n\u00ed j\u00eddla si nezapome\u0148te nechat m\u00edsto pro dezert!<\/span>[\/vc_column_text][\/vc_column][\/vc_row][vc_row box_padding=&#8221;padding-150&#8243; parallax=&#8221;image&#8221; parallax_image=&#8221;575&#8243; css=&#8221;.vc_custom_1618587145849{margin-top: 50px !important;}&#8221;][vc_column][\/vc_column][\/vc_row][vc_row][vc_column][vc_column_text css=&#8221;.vc_custom_1620725580669{margin-bottom: 150px !important;}&#8221;]<\/p>\n<h3 class=\"font4\" style=\"color: #c59d5f; text-transform: capitalize; margin: 60px 0 -35px 0; text-align: center; font-size: 60px;\">V\u00fdber \u0161\u00e9fkuchare<\/h3>\n<h2 class=\"heading text-center\">CERTIFIKACE KVALITY<\/h2>\n<p><span style=\"font-size: 18px; font-weight: 200; font-style: italic;\">Italsk\u00e1 kuchyn\u011b je p\u0159edev\u0161\u00edm o surovin\u00e1ch, a mnoho italsk\u00fdch j\u00eddel obsahuje pouze n\u011bkolik kl\u00ed\u010dov\u00fdch ingredienc\u00ed.<br \/>\nPorozum\u011bn\u00ed italsk\u00e9 kuchyni je relativn\u011b snadn\u00e9. V\u011bt\u0161ina odborn\u00edk\u016f z gastronomie se shoduje, \u017ee italsk\u00e1 kuchyn\u011b je hlavn\u011b o jednoduchosti; jednoduch\u00e9 recepty, kvalitn\u00ed suroviny, techniky va\u0159en\u00ed a v\u00e1\u0161e\u0148.<br \/>\nIngredience a technika va\u0159en\u00ed jsou dv\u011b nejd\u016fle\u017eit\u011bj\u0161\u00ed slo\u017eky italsk\u00e9 kuchyn\u011b, a proto restaurace PepeNero spolupracuje s nejlep\u0161\u00edmi italsk\u00fdmi v\u00fdrobci, aby zajistila trvalou kvalitu a vynikaj\u00edc\u00ed chu\u0165.<\/span><\/p>\n<h2 class=\"signature\" style=\"text-align: center;\">PepeNero<\/h2>\n<p>[\/vc_column_text][\/vc_column][\/vc_row][vc_row box_padding=&#8221;no-padding&#8221;][vc_column width=&#8221;1\/2&#8243; text_align=&#8221;text-center&#8221; offset=&#8221;vc_col-md-6 vc_col-xs-12&#8243;][vc_column_text]<\/p>\n<h3 class=\"font4\" style=\"color: #c59d5f; text-transform: capitalize; margin: 0 0 -35px 0; text-align: center; font-size: 60px;\">Extra panensk\u00fd olivov\u00fd olej<\/h3>\n<h2 class=\"heading\" style=\"text-align: center;\">Olio Peranzana<\/h2>\n<p style=\"text-align: left;\"><span style=\"font-size: 18px; font-weight: 200; font-style: italic; text-align: left;\">Peranzana je odr\u016fda oliv, kter\u00e1 se p\u011bstuje v ur\u010dit\u00e9 oblasti horn\u00edho Tavoliere, v Apulii a p\u0159edev\u0161\u00edm ve venkovsk\u00e9 oblasti Torremaggiore.<br \/>\nApulie je region It\u00e1lie s nejvy\u0161\u0161\u00ed produkc\u00ed oliv, a to d\u00edky jeho p\u0159ev\u00e1\u017en\u011b rovinat\u00e9mu \u00fazem\u00ed a m\u00edrn\u00e9mu podneb\u00ed.<br \/>\nRozlehl\u00e9 sady t\u011bchto n\u00e1dhern\u00fdch strom\u016f \u010din\u00ed z Apulie jednu z nejkr\u00e1sn\u011bj\u0161\u00edch oblast\u00ed It\u00e1lie.<br \/>\nOlej Peranzana vyr\u00e1b\u011bn\u00fd v olejov\u00e9m ml\u00fdn\u011b Principe je ovocn\u00fd, jemn\u00fd a velmi bohat\u00fd na chu\u0165.<br \/>\nJe dokonal\u00fdm dopl\u0148kem k pe\u010divu, k sal\u00e1t\u016fm, k masu i k ryb\u00e1m.<\/span><\/p>\n<p>[\/vc_column_text][\/vc_column][vc_column width=&#8221;1\/2&#8243; offset=&#8221;vc_col-md-6 vc_col-xs-12&#8243;][vc_single_image image=&#8221;939&#8243; img_size=&#8221;400&#215;299&#8243; alignment=&#8221;center&#8221; style=&#8221;vc_box_rounded&#8221; css_animation=&#8221;slideInRight&#8221; css=&#8221;.vc_custom_1619777895243{padding-top: 80px !important;}&#8221;][\/vc_column][\/vc_row][vc_row box_padding=&#8221;padding-40&#8243; css=&#8221;.vc_custom_1619777920030{margin-top: 50px !important;}&#8221;][vc_column width=&#8221;1\/2&#8243; text_align=&#8221;text-center&#8221; offset=&#8221;vc_col-md-6 vc_col-xs-12&#8243;][vc_single_image image=&#8221;941&#8243; img_size=&#8221;400&#215;299&#8243; alignment=&#8221;center&#8221; style=&#8221;vc_box_rounded&#8221; css_animation=&#8221;slideInLeft&#8221; css=&#8221;.vc_custom_1619778085539{padding-top: 60px !important;}&#8221;][\/vc_column][vc_column width=&#8221;1\/2&#8243; offset=&#8221;vc_col-md-6 vc_col-xs-12&#8243;][vc_column_text]<\/p>\n<h3 class=\"font4\" style=\"color: #c59d5f; margin: 0px 0 -35px 0; text-align: center; font-size: 60px;\">Hovez\u00ed maso prvotr\u00eddn\u00ed kvality<\/h3>\n<h2 class=\"heading\" style=\"text-align: center;\">Fassona <span style=\"white-space: nowrap; color: #262626;\">Piemontese<\/span><\/h2>\n<p><span style=\"font-size: 18px; font-weight: 200; font-style: italic;\">\u201eBovino Piemontese\u201c je jedn\u00edm z hlavn\u00edch italsk\u00fdch masn\u00fdch plemen.<br \/>\nPepeNero kupuje Fassona Piemontese od konsorcia La Granda v provincii Cuneo v Piemontu.<br \/>\nLa Granda prosazuje my\u0161lenku pomalu produkovan\u00e9ho j\u00eddla s c\u00edlem zv\u00fd\u0161it spot\u0159ebu kvalitn\u00edho masa.<br \/>\nChovatel\u00e9 dodr\u017euj\u00ed p\u0159\u00edsn\u00e9 pokyny, aby zajistili dokonalou rovnov\u00e1hu mezi kvalitou \u017eivota zv\u00ed\u0159at a kvalitou masa, kter\u00e9 pro restaurace PepeNero dod\u00e1vaj\u00ed do Prahy.<\/span>[\/vc_column_text][\/vc_column][\/vc_row][vc_row box_padding=&#8221;no-padding&#8221; css=&#8221;.vc_custom_1619777930519{margin-top: 50px !important;}&#8221;][vc_column width=&#8221;1\/2&#8243; text_align=&#8221;text-center&#8221; offset=&#8221;vc_col-md-6 vc_col-xs-12&#8243;][vc_column_text]<\/p>\n<h3 class=\"font4\" style=\"color: #c59d5f; text-transform: capitalize; margin: 0px 0 -35px 0; text-align: center; font-size: 60px;\">Pata Negra<\/h3>\n<h2 class=\"heading\" style=\"text-align: center;\">JAMON IBERICO<\/h2>\n<p style=\"text-align: left;\"><span style=\"font-size: 18px; font-weight: 200; font-style: italic; text-align: left;\">Slavn\u00e9 plemeno vep\u0159\u016f Iberico se naz\u00fdv\u00e1 Pata Negra (doslova \u201e\u010cern\u00e1 tlapka\u201c), proto\u017ee jejich kopyta jsou \u010dern\u00e1.<br \/>\nVe voln\u00e9m v\u00fdb\u011bhu ve kter\u00e9m vep\u0159i \u017eij\u00ed, maj\u00ed z\u00e1sobu oliv, bobul\u00ed, \u017ealud\u016f a jin\u00fdch o\u0159ech\u016f, kter\u00fdmi se krm\u00ed: tato velmi speci\u00e1ln\u00ed strava ovliv\u0148uje chu\u0165 masa, kter\u00e1 je typick\u00e1 pro Pata Negra.<br \/>\nPepeNero vyb\u00edr\u00e1 nejlep\u0161\u00ed Jamon Iberico od mal\u00fdch \u0161pan\u011blsk\u00fdch v\u00fdrobc\u016f.<br \/>\nTextura \u0161unky je hedv\u00e1bn\u00e1 a jemn\u00e1, chu\u0165 je o\u0159echov\u00e1 a bohat\u00e1.<br \/>\nDopl\u0148te \u0161unku Pata Negra sklenkou chlazen\u00e9ho b\u00edl\u00e9ho nebo \u0161umiv\u00e9ho v\u00edna z Alp.<\/span><\/p>\n<p>[\/vc_column_text][\/vc_column][vc_column width=&#8221;1\/2&#8243; offset=&#8221;vc_col-md-6&#8243;][vc_single_image image=&#8221;943&#8243; img_size=&#8221;full&#8221; alignment=&#8221;center&#8221; style=&#8221;vc_box_rounded&#8221; css_animation=&#8221;slideInRight&#8221; css=&#8221;.vc_custom_1619102294956{padding-top: 75px !important;}&#8221;][\/vc_column][\/vc_row][vc_row box_padding=&#8221;padding-30&#8243;][vc_column width=&#8221;1\/4&#8243;][vc_single_image image=&#8221;891&#8243; img_size=&#8221;158&#215;158&#8243; alignment=&#8221;center&#8221;][\/vc_column][vc_column width=&#8221;1\/4&#8243;][vc_single_image image=&#8221;893&#8243; img_size=&#8221;158&#215;158&#8243; alignment=&#8221;center&#8221;][\/vc_column][vc_column width=&#8221;1\/4&#8243;][vc_single_image image=&#8221;887&#8243; img_size=&#8221;158&#215;158&#8243; alignment=&#8221;center&#8221;][\/vc_column][vc_column width=&#8221;1\/4&#8243;][vc_single_image image=&#8221;895&#8243; img_size=&#8221;158&#215;158&#8243; alignment=&#8221;center&#8221;][\/vc_column][\/vc_row]<\/p>\n","protected":false},"excerpt":{"rendered":"<p>[vc_row box_padding=&#8221;padding-t-40&#8243; el_id=&#8221;pastafresca&#8221;][vc_column width=&#8221;1\/2&#8243; text_align=&#8221;text-center&#8221; offset=&#8221;vc_col-md-6 vc_col-xs-12&#8243;][vc_single_image image=&#8221;871&#8243; img_size=&#8221;large&#8221; style=&#8221;vc_box_rounded&#8221; css_animation=&#8221;slideInLeft&#8221;][\/vc_column][vc_column width=&#8221;1\/2&#8243; offset=&#8221;vc_col-md-6 vc_col-xs-12&#8243;][vc_column_text] Cerstv\u00e9 testoviny<\/p>\n","protected":false},"author":1,"featured_media":0,"parent":0,"menu_order":0,"comment_status":"closed","ping_status":"closed","template":"page-templates\/page-builder-with-title.php","meta":{"footnotes":""},"class_list":["post-1013","page","type-page","status-publish","hentry"],"_links":{"self":[{"href":"https:\/\/pepenero.cz\/cs\/wp-json\/wp\/v2\/pages\/1013","targetHints":{"allow":["GET"]}}],"collection":[{"href":"https:\/\/pepenero.cz\/cs\/wp-json\/wp\/v2\/pages"}],"about":[{"href":"https:\/\/pepenero.cz\/cs\/wp-json\/wp\/v2\/types\/page"}],"author":[{"embeddable":true,"href":"https:\/\/pepenero.cz\/cs\/wp-json\/wp\/v2\/users\/1"}],"replies":[{"embeddable":true,"href":"https:\/\/pepenero.cz\/cs\/wp-json\/wp\/v2\/comments?post=1013"}],"version-history":[{"count":0,"href":"https:\/\/pepenero.cz\/cs\/wp-json\/wp\/v2\/pages\/1013\/revisions"}],"wp:attachment":[{"href":"https:\/\/pepenero.cz\/cs\/wp-json\/wp\/v2\/media?parent=1013"}],"curies":[{"name":"wp","href":"https:\/\/api.w.org\/{rel}","templated":true}]}}