{"id":949,"date":"2021-03-19T09:54:26","date_gmt":"2021-03-19T09:54:26","guid":{"rendered":"https:\/\/pepenero.cz\/restaurace\/home\/"},"modified":"2022-12-06T11:26:51","modified_gmt":"2022-12-06T11:26:51","slug":"home","status":"publish","type":"page","link":"https:\/\/pepenero.cz\/cs\/","title":{"rendered":"home"},"content":{"rendered":"<p>[vc_row box_padding=&#8221;padding-80&#8243; theme_color=&#8221;dark&#8221; overlay=&#8221;transparent-bg-6&#8243; parallax=&#8221;image&#8221; parallax_image=&#8221;34&#8243;][vc_column text_align=&#8221;text-center&#8221;][vc_column_text]<\/p>\n<h3 class=\"heading\">OBJEDN\u00c1VEJTE SV\u00c1 OBL\u00cdBEN\u00c1 J\u00cdDLA ONLINE a VYCHUTNEJTE SI JE V POHODL\u00cd SV\u00c9HO DOMOVA.<\/h3>\n<p>Vyberte si pizzu nebo si objednejte jin\u00e9 tradi\u010dn\u00ed italsk\u00e9 j\u00eddlo a p\u0159ij\u010fte si je vyzvednout do Pepe Nero.[\/vc_column_text][vc_empty_space height=&#8221;20px&#8221;][vc_row_inner equal_height=&#8221;yes&#8221; content_placement=&#8221;middle&#8221; disable_element=&#8221;yes&#8221; el_class=&#8221;hidden&#8221;][vc_column_inner width=&#8221;1\/3&#8243; text_align=&#8221;text-center&#8221; offset=&#8221;vc_col-lg-4 vc_col-md-4 vc_col-xs-12&#8243; css=&#8221;.vc_custom_1636652361488{padding-top: 10px !important;}&#8221;][vc_single_image image=&#8221;851&#8243; img_size=&#8221;full&#8221; alignment=&#8221;center&#8221; onclick=&#8221;custom_link&#8221; img_link_target=&#8221;_blank&#8221; link=&#8221;https:\/\/food.bolt.eu\/en-us\/&#8221; css=&#8221;.vc_custom_1636653743880{padding-top: 15px !important;padding-bottom: 20px !important;}&#8221;][\/vc_column_inner][vc_column_inner width=&#8221;1\/3&#8243; text_align=&#8221;text-center&#8221; offset=&#8221;vc_col-lg-4 vc_col-md-4 vc_col-xs-12&#8243; css=&#8221;.vc_custom_1636652369768{padding-top: 10px !important;}&#8221;][vc_single_image image=&#8221;1879&#8243; img_size=&#8221;140&#215;85&#8243; alignment=&#8221;center&#8221; onclick=&#8221;custom_link&#8221; img_link_target=&#8221;_blank&#8221; link=&#8221;https:\/\/www.damejidlo.cz\/restaurant\/a9do\/pepenero-pizza-and-pasta&#8221;][\/vc_column_inner][vc_column_inner width=&#8221;1\/3&#8243; offset=&#8221;vc_col-lg-4 vc_col-md-4 vc_col-xs-12&#8243; css=&#8221;.vc_custom_1636652861594{padding-top: 10px !important;}&#8221;][vc_single_image image=&#8221;855&#8243; img_size=&#8221;full&#8221; alignment=&#8221;center&#8221; onclick=&#8221;custom_link&#8221; img_link_target=&#8221;_blank&#8221; css=&#8221;.vc_custom_1636653761678{padding-top: 10px !important;padding-bottom: 20px !important;}&#8221; link=&#8221;https:\/\/wolt.com\/en\/cze\/prague\/restaurant\/pepenero-pizza-pasta&#8221;][\/vc_column_inner][\/vc_row_inner][vc_row_inner equal_height=&#8221;yes&#8221; content_placement=&#8221;middle&#8221;][vc_column_inner width=&#8221;1\/3&#8243; text_align=&#8221;text-center&#8221; offset=&#8221;vc_col-lg-4 vc_col-md-4 vc_col-xs-12&#8243; css=&#8221;.vc_custom_1636652361488{padding-top: 10px !important;}&#8221;][\/vc_column_inner][vc_column_inner width=&#8221;1\/3&#8243; text_align=&#8221;text-center&#8221; offset=&#8221;vc_col-lg-4 vc_col-md-4 vc_col-xs-12&#8243; css=&#8221;.vc_custom_1636652369768{padding-top: 10px !important;}&#8221;][vc_single_image image=&#8221;1890&#8243; img_size=&#8221;316&#215;144&#8243; alignment=&#8221;center&#8221; onclick=&#8221;custom_link&#8221; img_link_target=&#8221;_blank&#8221; link=&#8221;https:\/\/pepenero.choiceqr.com\/delivery&#8221;][\/vc_column_inner][vc_column_inner width=&#8221;1\/3&#8243; offset=&#8221;vc_col-lg-4 vc_col-md-4 vc_col-xs-12&#8243; css=&#8221;.vc_custom_1636652861594{padding-top: 10px !important;}&#8221;][\/vc_column_inner][\/vc_row_inner][\/vc_column][\/vc_row][vc_row box_padding=&#8221;padding-50&#8243; extra_css=&#8221;welcome-block&#8221; parallax=&#8221;image&#8221; css=&#8221;.vc_custom_1620395297528{background-position: center;background-repeat: no-repeat !important;background-size: cover !important;}&#8221; el_class=&#8221;hidden&#8221;][vc_column text_align=&#8221;text-center&#8221; offset=&#8221;vc_hidden-lg vc_hidden-md vc_hidden-sm vc_hidden-xs&#8221;][vc_row_inner][vc_column_inner][vc_column_text]<\/p>\n<div class=\"head_title\">\n<h3 class=\"font4\" style=\"color: #c59d5f; text-transform: capitalize; margin: 60px 0 -18px 0; text-align: center; font-size: 60px;\">Special<\/h3>\n<h2 style=\"margin-top: 0; text-align: center; color: #262626;\">SEASONAL MENU<\/h2>\n<\/div>\n<p>[\/vc_column_text][vc_column_text]<\/p>\n<p style=\"color: #515151;\">In Italy, seasonality is carefully followed at the market and at the table. We have created a special menu to use the best seasonal ingredients and surprise all our customers.<\/p>\n<p>[\/vc_column_text]<div class=\"woocommerce columns-32 \"><ul class=\"products columns-32\">\n<li class=\"product type-product post-1430 status-publish first instock product_cat-predkrmy product_cat-sezonni has-post-thumbnail shipping-taxable purchasable product-type-simple menu-item-list menu-item-list2 col-md-6 col-sm-12\">\n\t<h2>Battuta di Fassona al tartufo con pan brioche tostato e oro 22 carati<\/h2>\n\t<span class=\"price\"><span class=\"woocommerce-Price-amount amount\"><bdi>390&nbsp;<span class=\"woocommerce-Price-currencySymbol\">&#75;&#269;<\/span><\/bdi><\/span><\/span>\n<p>Fassona s lan\u00fd\u017ei, ope\u010denou brio\u0161kou a 22 kar\u00e1tov\u00fdm zlatem<\/p><a href=\"?add-to-cart=1430\" data-quantity=\"1\" class=\"button wp-element-button product_type_simple add_to_cart_button ajax_add_to_cart\" data-product_id=\"1430\" data-product_sku=\"018b\" aria-label=\"Add &ldquo;Battuta di Fassona al tartufo con pan brioche tostato e oro 22 carati&rdquo; to your cart\" rel=\"nofollow\">Add to cart<\/a><\/li>\n<li class=\"product type-product post-1058 status-publish instock product_cat-ryby product_cat-sezonni has-post-thumbnail shipping-taxable purchasable product-type-simple menu-item-list menu-item-list2 col-md-6 col-sm-12\">\n\t<h2>Gamberoni Argentina<\/h2>\n\t<span class=\"price\"><span class=\"woocommerce-Price-amount amount\"><bdi>495&nbsp;<span class=\"woocommerce-Price-currencySymbol\">&#75;&#269;<\/span><\/bdi><\/span><\/span>\n<p>Argentinsk\u00e9 krevety 6ks. 450g <img decoding=\"async\" style=\"margin-left: 20px\" src=\"https:\/\/pepenero.cz\/restaurace\/wp-content\/uploads\/2021\/03\/gluten-free_30.png\" \/><\/p><a href=\"?add-to-cart=1058\" data-quantity=\"1\" class=\"button wp-element-button product_type_simple add_to_cart_button ajax_add_to_cart\" data-product_id=\"1058\" data-product_sku=\"38\" aria-label=\"Add &ldquo;Gamberoni Argentina&rdquo; to your cart\" rel=\"nofollow\">Add to cart<\/a><\/li>\n<li class=\"product type-product post-1038 status-publish outofstock product_cat-predkrmy product_cat-sezonni shipping-taxable purchasable product-type-simple menu-item-list menu-item-list2 col-md-6 col-sm-12\">\n\t<h2>Prosciutto Spagnolo Jamon Iberico \u201cPata Negra\u201c<\/h2>\n\t<span class=\"price\"><span class=\"woocommerce-Price-amount amount\"><bdi>580&nbsp;<span class=\"woocommerce-Price-currencySymbol\">&#75;&#269;<\/span><\/bdi><\/span><\/span>\n<p>\u0160pan\u011blsk\u00e1 \u0161unka Jamon Iberico \u201cPata Negra\u201c <img decoding=\"async\" style=\"margin-left: 20px\" src=\"https:\/\/pepenero.cz\/restaurace\/wp-content\/uploads\/2021\/03\/gluten-free_30.png\" \/><\/p><a href=\"https:\/\/pepenero.cz\/cs\/produkt\/prosciutto-spagnolo-jamon-iberico-pata-negra\/\" data-quantity=\"1\" class=\"button wp-element-button product_type_simple\" data-product_id=\"1038\" data-product_sku=\"18\" aria-label=\"Read more about &ldquo;Prosciutto Spagnolo Jamon Iberico \u201cPata Negra\u201c&rdquo;\" rel=\"nofollow\">Read more<\/a><\/li>\n<li class=\"product type-product post-1041 status-publish instock product_cat-klasicka-italska product_cat-sezonni has-post-thumbnail featured shipping-taxable purchasable product-type-simple menu-item-list menu-item-list2 col-md-6 col-sm-12\">\n\t<h2>Spaghetti aglio, olio, peperoncino e prezzemolo<\/h2>\n\t<span class=\"price\"><span class=\"woocommerce-Price-amount amount\"><bdi>200&nbsp;<span class=\"woocommerce-Price-currencySymbol\">&#75;&#269;<\/span><\/bdi><\/span><\/span>\n<p>\u0160pagety na \u010desneku s olivov\u00fdm olejem, chilli a petr\u017eel\u00ed <img decoding=\"async\" style=\"margin-left: 20px\" src=\"https:\/\/pepenero.cz\/restaurace\/wp-content\/uploads\/2021\/03\/vegan_30.png\" \/> <img decoding=\"async\" src=\"https:\/\/pepenero.cz\/restaurace\/wp-content\/uploads\/2021\/03\/vegetarian_30.png\" \/><\/p><a href=\"?add-to-cart=1041\" data-quantity=\"1\" class=\"button wp-element-button product_type_simple add_to_cart_button ajax_add_to_cart\" data-product_id=\"1041\" data-product_sku=\"21\" aria-label=\"Add &ldquo;Spaghetti aglio, olio, peperoncino e prezzemolo&rdquo; to your cart\" rel=\"nofollow\">Add to cart<\/a><\/li>\n<li class=\"product type-product post-1050 status-publish instock product_cat-cerstve-domaci-testoviny-a-rizota product_cat-sezonni has-post-thumbnail featured shipping-taxable purchasable product-type-simple menu-item-list menu-item-list2 col-md-6 col-sm-12\">\n\t<h2>Tagliolini al tartufo nero<\/h2>\n\t<span class=\"price\"><span class=\"woocommerce-Price-amount amount\"><bdi>485&nbsp;<span class=\"woocommerce-Price-currencySymbol\">&#75;&#269;<\/span><\/bdi><\/span><\/span>\n<p>Tagliolini s \u010dern\u00fdmi lan\u00fd\u017ei <img decoding=\"async\" src=\"https:\/\/pepenero.cz\/restaurace\/wp-content\/uploads\/2021\/03\/vegetarian_30.png\" \/><\/p><a href=\"?add-to-cart=1050\" data-quantity=\"1\" class=\"button wp-element-button product_type_simple add_to_cart_button ajax_add_to_cart\" data-product_id=\"1050\" data-product_sku=\"30\" aria-label=\"Add &ldquo;Tagliolini al tartufo nero&rdquo; to your cart\" rel=\"nofollow\">Add to cart<\/a><\/li>\n<\/ul>\n<\/div>[\/vc_column_inner][\/vc_row_inner][\/vc_column][\/vc_row][vc_row box_padding=&#8221;no-padding&#8221; theme_color=&#8221;dark&#8221; overlay=&#8221;transparent-bg-4&#8243; parallax=&#8221;image&#8221; parallax_image=&#8221;1478&#8243; css=&#8221;.vc_custom_1634727037156{background-position: center;background-repeat: no-repeat !important;background-size: cover !important;}&#8221;][vc_column text_align=&#8221;text-center&#8221;][vc_empty_space height=&#8221;500px&#8221;][\/vc_column][\/vc_row][vc_row box_padding=&#8221;padding-t-100&#8243; extra_css=&#8221;welcome-block&#8221; el_id=&#8221;about-us&#8221;][vc_column width=&#8221;1\/2&#8243; offset=&#8221;vc_col-md-6&#8243;][vc_row_inner][vc_column_inner][vc_empty_space height=&#8221;40px&#8221;][\/vc_column_inner][\/vc_row_inner][vc_single_image image=&#8221;857&#8243; img_size=&#8221;large&#8221; css_animation=&#8221;slideInLeft&#8221;][vc_empty_space height=&#8221;40px&#8221;][\/vc_column][vc_column width=&#8221;1\/2&#8243; offset=&#8221;vc_col-md-6&#8243;][vc_row_inner][vc_column_inner][vc_column_text]<\/p>\n<div class=\"head_title\">\n<h3 class=\"font4\" style=\"color: #c59d5f; text-transform: capitalize; margin: 60px 0 -18px 0; text-align: center; font-size: 60px;\">Piacere !<\/h3>\n<h2 style=\"margin-top: 0; text-align: center;\">O N\u00c1S<\/h2>\n<\/div>\n<p>[\/vc_column_text][vc_column_text]Poznejte n\u00e1\u0161 t\u00fdm PepeNero, na\u0161i v\u00e1\u0161e\u0148 a n\u00e1\u0161 z\u00e1vazek v\u017edy p\u0159in\u00e1\u0161et autentickou italskou kuchyni.<\/p>\n<p style=\"text-align: center;\"><a class=\"btn btn-gold dark welcome-m-b\" style=\"margin: 10px;\" href=\"about-us\/\">P\u0158E\u010cT\u011aTE SI V\u00cdCE<\/a><\/p>\n<p>[\/vc_column_text][\/vc_column_inner][\/vc_row_inner][\/vc_column][\/vc_row][vc_row box_padding=&#8221;no-padding&#8221; theme_color=&#8221;dark&#8221; overlay=&#8221;transparent-bg-4&#8243; parallax=&#8221;image&#8221; parallax_image=&#8221;241&#8243; css=&#8221;.vc_custom_1616515954813{background-position: center;background-repeat: no-repeat;background-size: cover !important;}&#8221;][vc_column text_align=&#8221;text-center&#8221;][vc_empty_space height=&#8221;500px&#8221;][\/vc_column][\/vc_row][vc_row box_padding=&#8221;padding-t-100&#8243; extra_css=&#8221;welcome-block&#8221; el_id=&#8221;cuisine&#8221;][vc_column width=&#8221;1\/2&#8243; offset=&#8221;vc_col-md-6&#8243;][vc_row_inner][vc_column_inner][vc_column_text]<\/p>\n<div class=\"head_title\">\n<h3 class=\"font4\" style=\"color: #c59d5f; margin: 60px 0 -18px 0; text-align: center; font-size: 60px;\">Objevte skutecnou<\/h3>\n<h2 style=\"margin-top: 0; text-align: center;\">ITALSKOU KUCHYNI<\/h2>\n<\/div>\n<p>[\/vc_column_text][vc_column_text]Na\u0161e nab\u00eddka se skl\u00e1d\u00e1 z tradi\u010dn\u00edch pokrm\u016f autentick\u00fdch chut\u00ed.<br \/>\nVyb\u00edr\u00e1me ty nejlep\u0161\u00ed ingredience z italsk\u00fdch a m\u00edstn\u00edch trh\u016f. J\u00eddla v\u017edy \u010derstv\u011b p\u0159ipravuje n\u00e1\u0161 t\u00fdm italsk\u00fdch a mezin\u00e1rodn\u00edch kucha\u0159\u016f.<\/p>\n<p style=\"text-align: center;\"><a class=\"btn btn-gold dark welcome-m-b\" href=\"cuisine\/\">ZJIST\u011aTE V\u00cdCE<\/a> \u00a0 <a class=\"btn btn-gold dark welcome-m-b\" style=\"margin-top: 30px;\" href=\"https:\/\/pepenero.choiceqr.com\/delivery\">PROHL\u00c9DN\u011aTE SI MENU<\/a><\/p>\n<p>[\/vc_column_text][\/vc_column_inner][\/vc_row_inner][\/vc_column][vc_column width=&#8221;1\/2&#8243; offset=&#8221;vc_col-md-6&#8243;][vc_row_inner][vc_column_inner][vc_empty_space height=&#8221;40px&#8221;][vc_single_image image=&#8221;771&#8243; img_size=&#8221;large&#8221; css_animation=&#8221;slideInRight&#8221;][vc_empty_space height=&#8221;40px&#8221;][\/vc_column_inner][\/vc_row_inner][\/vc_column][\/vc_row][vc_row box_padding=&#8221;no-padding&#8221; theme_color=&#8221;dark&#8221; overlay=&#8221;transparent-bg-4&#8243; parallax=&#8221;image&#8221; parallax_image=&#8221;428&#8243; css=&#8221;.vc_custom_1616682584344{background-position: center;background-repeat: no-repeat !important;background-size: cover !important;}&#8221;][vc_column text_align=&#8221;text-center&#8221;][vc_empty_space height=&#8221;500px&#8221;][\/vc_column][\/vc_row][vc_row box_padding=&#8221;padding-t-100&#8243; extra_css=&#8221;welcome-block&#8221;][vc_column width=&#8221;1\/2&#8243; offset=&#8221;vc_col-md-6&#8243;][vc_row_inner][vc_column_inner][vc_empty_space height=&#8221;40px&#8221;][\/vc_column_inner][\/vc_row_inner][vc_single_image image=&#8221;859&#8243; img_size=&#8221;large&#8221; css_animation=&#8221;slideInLeft&#8221;][vc_empty_space height=&#8221;40px&#8221;][\/vc_column][vc_column width=&#8221;1\/2&#8243; offset=&#8221;vc_col-md-6&#8243;][vc_column_text]<\/p>\n<div class=\"head_title\">\n<h3 class=\"font4\" style=\"color: #c59d5f; margin: 60px 0 -18px 0; text-align: center; font-size: 60px;\">Prijdte si u\u017e\u00edt n\u00e1\u0161<\/h3>\n<h2 style=\"margin-top: 0; text-align: center;\">VINN\u00dd SKLEP<\/h2>\n<\/div>\n<p>[\/vc_column_text][vc_column_text]Sklep PepeNero nab\u00edz\u00ed skv\u011bl\u00e1 v\u00edna, skryt\u00e9 poklady a n\u011bkolik opravdov\u00fdch p\u0159ekvapen\u00ed.<br \/>\nA\u0165 u\u017e jste odborn\u00edkem na v\u00edno a znalcem, nebo jen za\u010d\u00e1te\u010dn\u00edkem, m\u00e1me to spr\u00e1vn\u00e9 v\u00edno k va\u0161emu pokrmu.<\/p>\n<p style=\"text-align: center;\"><a class=\"btn btn-gold dark welcome-m-b\" style=\"margin: 10px;\" href=\"https:\/\/pepenero.choiceqr.com\/624ac5ab46168149a80cf5d9\">OBJEVTE V\u00cdCE<\/a><\/p>\n<p>[\/vc_column_text][\/vc_column][\/vc_row][vc_row disable_element=&#8221;yes&#8221; box_padding=&#8221;no-padding&#8221; theme_color=&#8221;dark&#8221; overlay=&#8221;transparent-bg-4&#8243; parallax=&#8221;image&#8221; parallax_image=&#8221;430&#8243; css=&#8221;.vc_custom_1657274164657{background-position: center;background-repeat: no-repeat !important;background-size: cover !important;}&#8221;][vc_column text_align=&#8221;text-center&#8221;][vc_empty_space height=&#8221;500px&#8221;][\/vc_column][\/vc_row][vc_row disable_element=&#8221;yes&#8221; box_padding=&#8221;padding-t-100&#8243; extra_css=&#8221;welcome-block&#8221;][vc_column width=&#8221;1\/2&#8243; offset=&#8221;vc_col-md-6&#8243;][vc_row_inner][vc_column_inner][vc_empty_space height=&#8221;40px&#8221;][\/vc_column_inner][\/vc_row_inner][vc_single_image image=&#8221;861&#8243; img_size=&#8221;large&#8221; css_animation=&#8221;slideInLeft&#8221;][vc_empty_space height=&#8221;40px&#8221;][\/vc_column][vc_column width=&#8221;1\/2&#8243; offset=&#8221;vc_col-md-6&#8243;][vc_column_text]<\/p>\n<div class=\"head_title\">\n<h3 class=\"font4\" style=\"color: #c59d5f; margin: 60px 0 -18px 0; text-align: center; font-size: 60px;\">Il Laboratorio<\/h3>\n<h2 style=\"margin-top: 0; text-align: center;\">ONLINE OBCHOD<\/h2>\n<\/div>\n<p>[\/vc_column_text][vc_column_text]J\u00eddla Laboratoria se rod\u00ed d\u00edky dlouholet\u00fdm zku\u0161enostem na\u0161ich kucha\u0159\u016f. Klasick\u00e9 recepty italsk\u00e9 kuchyn\u011b jsou p\u0159ipravov\u00e1ny z prvot\u0159\u00eddn\u00edch surovin. Pohodln\u00e9 a snadn\u00e9 na dom\u00e1c\u00ed p\u0159\u00edpravu.<\/p>\n<p style=\"text-align: center;\"><a class=\"btn btn-gold dark welcome-m-b\" style=\"margin: 10px;\" href=\"\/cs\/kategorie-produktu\/laboratorio\">OBJEDN\u00c1VEJTE ZDE<\/a><\/p>\n<p>[\/vc_column_text][\/vc_column][\/vc_row][vc_row box_padding=&#8221;padding-100&#8243; theme_color=&#8221;dark&#8221; overlay=&#8221;transparent-bg-4&#8243; parallax=&#8221;image&#8221; parallax_image=&#8221;177&#8243; css=&#8221;.vc_custom_1616717163062{background-position: center;background-repeat: no-repeat !important;background-size: cover !important;}&#8221; el_id=&#8221;contact&#8221;][vc_column extra_css=&#8221;nopadding&#8221;][vc_add_heading title=&#8221;KONTAKTUJTE N\u00c1S&#8221; subtitle=&#8221;Pokud chcete rezervaci d\u0159\u00edv ne\u017e za 24 hodiny, rad\u011bji n\u00e1m zavolejte (+420) 222 315 543&#8243;]<div role=\"form\" class=\"wpcf7\" id=\"wpcf7-f955-o1\" lang=\"cs-CZ\" dir=\"ltr\">\n<div class=\"screen-reader-response\"><p role=\"status\" aria-live=\"polite\" aria-atomic=\"true\"><\/p> <ul><\/ul><\/div>\n<form action=\"\/cs\/wp-json\/wp\/v2\/pages\/949#wpcf7-f955-o1\" method=\"post\" class=\"wpcf7-form init\" novalidate=\"novalidate\" data-status=\"init\">\n<div style=\"display: none;\">\n<input type=\"hidden\" name=\"_wpcf7\" value=\"955\" \/>\n<input type=\"hidden\" name=\"_wpcf7_version\" value=\"5.6.4\" \/>\n<input type=\"hidden\" name=\"_wpcf7_locale\" value=\"cs_CZ\" \/>\n<input type=\"hidden\" name=\"_wpcf7_unit_tag\" value=\"wpcf7-f955-o1\" \/>\n<input type=\"hidden\" name=\"_wpcf7_container_post\" value=\"0\" \/>\n<input type=\"hidden\" name=\"_wpcf7_posted_data_hash\" value=\"\" \/>\n<\/div>\n<div class=\"contact-form style1 clearfix\">\n<div class=\"col-md-6 nopadding\">\n<div class=\"form-group\">\n<div class=\"col-md-12\">\n\t\t\t\t<span class=\"wpcf7-form-control-wrap\" data-name=\"name1\"><input type=\"text\" name=\"name1\" value=\"\" size=\"40\" class=\"wpcf7-form-control wpcf7-text wpcf7-validates-as-required form-control text\" aria-required=\"true\" aria-invalid=\"false\" placeholder=\"JM\u00c9NO *\" \/><\/span>\n\t\t\t<\/div>\n<div class=\"col-md-12\">\n\t\t\t\t<span class=\"wpcf7-form-control-wrap\" data-name=\"email\"><input type=\"email\" name=\"email\" value=\"\" size=\"40\" class=\"wpcf7-form-control wpcf7-text wpcf7-email wpcf7-validates-as-required wpcf7-validates-as-email form-control text\" aria-required=\"true\" aria-invalid=\"false\" placeholder=\"EMAIL *\" \/><\/span>\n\t\t\t<\/div>\n<div class=\"col-md-12\">\n\t\t\t\t<span class=\"wpcf7-form-control-wrap\" data-name=\"phone\"><input type=\"text\" name=\"phone\" value=\"\" size=\"40\" class=\"wpcf7-form-control wpcf7-text wpcf7-validates-as-required form-control text\" aria-required=\"true\" aria-invalid=\"false\" placeholder=\"TELEFON *\" \/><\/span>\n\t\t\t<\/div>\n<\/div>\n<\/div>\n<div class=\"col-md-6 nopadding\">\n<div class=\"form-group\">\n<div class=\"col-md-12\">\n<div class=\"element\">\n\t\t\t\t\t<span class=\"wpcf7-form-control-wrap\" data-name=\"message\"><textarea name=\"message\" cols=\"1\" rows=\"1\" class=\"wpcf7-form-control wpcf7-textarea wpcf7-validates-as-required text textarea\" aria-required=\"true\" aria-invalid=\"false\" placeholder=\"ZPR\u00c1VA *\"><\/textarea><\/span>\n\t\t\t\t<\/div>\n<\/div>\n<\/div>\n<\/div>\n<div class=\"col-md-12\">\n\t<input type=\"submit\" value=\"Poslat\" class=\"wpcf7-form-control has-spinner wpcf7-submit btn btn-gold\" \/>\n\t<\/div>\n<\/div>\n<p style=\"display: none !important;\"><label>&#916;<textarea name=\"_wpcf7_ak_hp_textarea\" cols=\"45\" rows=\"8\" maxlength=\"100\"><\/textarea><\/label><input type=\"hidden\" id=\"ak_js_1\" name=\"_wpcf7_ak_js\" value=\"199\"\/><script>document.getElementById( \"ak_js_1\" ).setAttribute( \"value\", ( new Date() ).getTime() );<\/script><\/p><input type='hidden' class='wpcf7-pum' value='{\"closepopup\":false,\"closedelay\":0,\"openpopup\":false,\"openpopup_id\":0}' \/><div class=\"wpcf7-response-output\" aria-hidden=\"true\"><\/div><\/form><\/div>[\/vc_column][\/vc_row][vc_row][vc_column][vc_column_text]<\/p>\n<p>[\/vc_column_text][\/vc_column][\/vc_row]<\/p>\n","protected":false},"excerpt":{"rendered":"<p>[vc_row box_padding=&#8221;padding-80&#8243; theme_color=&#8221;dark&#8221; overlay=&#8221;transparent-bg-6&#8243; parallax=&#8221;image&#8221; parallax_image=&#8221;34&#8243;][vc_column text_align=&#8221;text-center&#8221;][vc_column_text] OBJEDN\u00c1VEJTE SV\u00c1 OBL\u00cdBEN\u00c1 J\u00cdDLA ONLINE a VYCHUTNEJTE SI JE<\/p>\n","protected":false},"author":1,"featured_media":0,"parent":0,"menu_order":0,"comment_status":"closed","ping_status":"closed","template":"page-templates\/page-builder.php","meta":{"footnotes":""},"class_list":["post-949","page","type-page","status-publish","hentry"],"_links":{"self":[{"href":"https:\/\/pepenero.cz\/cs\/wp-json\/wp\/v2\/pages\/949","targetHints":{"allow":["GET"]}}],"collection":[{"href":"https:\/\/pepenero.cz\/cs\/wp-json\/wp\/v2\/pages"}],"about":[{"href":"https:\/\/pepenero.cz\/cs\/wp-json\/wp\/v2\/types\/page"}],"author":[{"embeddable":true,"href":"https:\/\/pepenero.cz\/cs\/wp-json\/wp\/v2\/users\/1"}],"replies":[{"embeddable":true,"href":"https:\/\/pepenero.cz\/cs\/wp-json\/wp\/v2\/comments?post=949"}],"version-history":[{"count":22,"href":"https:\/\/pepenero.cz\/cs\/wp-json\/wp\/v2\/pages\/949\/revisions"}],"predecessor-version":[{"id":1907,"href":"https:\/\/pepenero.cz\/cs\/wp-json\/wp\/v2\/pages\/949\/revisions\/1907"}],"wp:attachment":[{"href":"https:\/\/pepenero.cz\/cs\/wp-json\/wp\/v2\/media?parent=949"}],"curies":[{"name":"wp","href":"https:\/\/api.w.org\/{rel}","templated":true}]}}