{"id":1002,"date":"2021-03-05T14:31:42","date_gmt":"2021-03-05T14:31:42","guid":{"rendered":"https:\/\/pepenero.cz\/product\/caesar-salad\/"},"modified":"2021-03-05T14:31:42","modified_gmt":"2021-03-05T14:31:42","slug":"caesar-salad","status":"publish","type":"product","link":"https:\/\/pepenero.cz\/cs\/produkt\/caesar-salad\/","title":{"rendered":"Caesar Salad"},"content":{"rendered":"<p>\u0158\u00edmsk\u00fd sal\u00e1t s ku\u0159ec\u00edm masem, slaninou, parmez\u00e1nem, krutony a z\u00e1livkou<\/p>\n","protected":false},"excerpt":{"rendered":"<p>\u0158\u00edmsk\u00fd sal\u00e1t s ku\u0159ec\u00edm masem, slaninou, parmez\u00e1nem, krutony a z\u00e1livkou<\/p>\n","protected":false},"featured_media":49,"comment_status":"open","ping_status":"closed","template":"","meta":[],"product_cat":[86],"product_tag":[],"class_list":["post-1002","product","type-product","status-publish","has-post-thumbnail","hentry","product_cat-salaty"],"_links":{"self":[{"href":"https:\/\/pepenero.cz\/cs\/wp-json\/wp\/v2\/product\/1002","targetHints":{"allow":["GET"]}}],"collection":[{"href":"https:\/\/pepenero.cz\/cs\/wp-json\/wp\/v2\/product"}],"about":[{"href":"https:\/\/pepenero.cz\/cs\/wp-json\/wp\/v2\/types\/product"}],"replies":[{"embeddable":true,"href":"https:\/\/pepenero.cz\/cs\/wp-json\/wp\/v2\/comments?post=1002"}],"wp:featuredmedia":[{"embeddable":true,"href":"https:\/\/pepenero.cz\/cs\/wp-json\/"}],"wp:attachment":[{"href":"https:\/\/pepenero.cz\/cs\/wp-json\/wp\/v2\/media?parent=1002"}],"wp:term":[{"taxonomy":"product_cat","embeddable":true,"href":"https:\/\/pepenero.cz\/cs\/wp-json\/wp\/v2\/product_cat?post=1002"},{"taxonomy":"product_tag","embeddable":true,"href":"https:\/\/pepenero.cz\/cs\/wp-json\/wp\/v2\/product_tag?post=1002"}],"curies":[{"name":"wp","href":"https:\/\/api.w.org\/{rel}","templated":true}]}}