{"id":1004,"date":"2021-03-05T14:31:43","date_gmt":"2021-03-05T14:31:43","guid":{"rendered":"https:\/\/pepenero.cz\/product\/greca\/"},"modified":"2021-03-05T14:31:43","modified_gmt":"2021-03-05T14:31:43","slug":"greca","status":"publish","type":"product","link":"https:\/\/pepenero.cz\/cs\/produkt\/greca\/","title":{"rendered":"Greca"},"content":{"rendered":"<p>\u0158\u00edmsk\u00fd sal\u00e1t, feta, olivy, okurky z oregana, raj\u010data, \u010derven\u00e1 cibule a Tzatziki om\u00e1\u010dka<\/p>\n","protected":false},"excerpt":{"rendered":"<p>\u0158\u00edmsk\u00fd sal\u00e1t, feta, olivy, okurky z oregana, raj\u010data, \u010derven\u00e1 cibule a Tzatziki om\u00e1\u010dka <img decoding=\"async\" style=\"margin-left: 20px;\" src=\"https:\/\/pepenero.cz\/restaurace\/wp-content\/uploads\/2021\/03\/vegetarian_30.png\" \/><\/p>\n","protected":false},"featured_media":49,"comment_status":"open","ping_status":"closed","template":"","meta":[],"product_cat":[86],"product_tag":[],"class_list":["post-1004","product","type-product","status-publish","has-post-thumbnail","hentry","product_cat-salaty"],"_links":{"self":[{"href":"https:\/\/pepenero.cz\/cs\/wp-json\/wp\/v2\/product\/1004","targetHints":{"allow":["GET"]}}],"collection":[{"href":"https:\/\/pepenero.cz\/cs\/wp-json\/wp\/v2\/product"}],"about":[{"href":"https:\/\/pepenero.cz\/cs\/wp-json\/wp\/v2\/types\/product"}],"replies":[{"embeddable":true,"href":"https:\/\/pepenero.cz\/cs\/wp-json\/wp\/v2\/comments?post=1004"}],"wp:featuredmedia":[{"embeddable":true,"href":"https:\/\/pepenero.cz\/cs\/wp-json\/"}],"wp:attachment":[{"href":"https:\/\/pepenero.cz\/cs\/wp-json\/wp\/v2\/media?parent=1004"}],"wp:term":[{"taxonomy":"product_cat","embeddable":true,"href":"https:\/\/pepenero.cz\/cs\/wp-json\/wp\/v2\/product_cat?post=1004"},{"taxonomy":"product_tag","embeddable":true,"href":"https:\/\/pepenero.cz\/cs\/wp-json\/wp\/v2\/product_tag?post=1004"}],"curies":[{"name":"wp","href":"https:\/\/api.w.org\/{rel}","templated":true}]}}