{"id":1005,"date":"2021-03-05T14:31:43","date_gmt":"2021-03-05T14:31:43","guid":{"rendered":"https:\/\/pepenero.cz\/product\/tonnarella\/"},"modified":"2021-05-13T13:40:46","modified_gmt":"2021-05-13T13:40:46","slug":"tonnarella","status":"publish","type":"product","link":"https:\/\/pepenero.cz\/cs\/produkt\/tonnarella\/","title":{"rendered":"Tonnarella"},"content":{"rendered":"<p>Pl\u00e1tky z tu\u0148\u00e1ka v krusti\u010dce ze sezamu a m\u00e1ku, m\u00edchan\u00fd sal\u00e1t, pomeran\u010d, grapefruit, avok\u00e1do, cherry raj\u010d\u00e1tka a dresing <\/p>\n","protected":false},"excerpt":{"rendered":"<p>Pl\u00e1tky z tu\u0148\u00e1ka v krusti\u010dce ze sezamu a m\u00e1ku, m\u00edchan\u00fd sal\u00e1t, pomeran\u010d, grapefruit, avok\u00e1do, cherry raj\u010d\u00e1tka a dresing<\/p>\n","protected":false},"featured_media":49,"comment_status":"open","ping_status":"closed","template":"","meta":[],"product_cat":[86],"product_tag":[],"class_list":["post-1005","product","type-product","status-publish","has-post-thumbnail","hentry","product_cat-salaty"],"_links":{"self":[{"href":"https:\/\/pepenero.cz\/cs\/wp-json\/wp\/v2\/product\/1005","targetHints":{"allow":["GET"]}}],"collection":[{"href":"https:\/\/pepenero.cz\/cs\/wp-json\/wp\/v2\/product"}],"about":[{"href":"https:\/\/pepenero.cz\/cs\/wp-json\/wp\/v2\/types\/product"}],"replies":[{"embeddable":true,"href":"https:\/\/pepenero.cz\/cs\/wp-json\/wp\/v2\/comments?post=1005"}],"wp:featuredmedia":[{"embeddable":true,"href":"https:\/\/pepenero.cz\/cs\/wp-json\/"}],"wp:attachment":[{"href":"https:\/\/pepenero.cz\/cs\/wp-json\/wp\/v2\/media?parent=1005"}],"wp:term":[{"taxonomy":"product_cat","embeddable":true,"href":"https:\/\/pepenero.cz\/cs\/wp-json\/wp\/v2\/product_cat?post=1005"},{"taxonomy":"product_tag","embeddable":true,"href":"https:\/\/pepenero.cz\/cs\/wp-json\/wp\/v2\/product_tag?post=1005"}],"curies":[{"name":"wp","href":"https:\/\/api.w.org\/{rel}","templated":true}]}}