{"id":1006,"date":"2021-03-05T14:31:43","date_gmt":"2021-03-05T14:31:43","guid":{"rendered":"https:\/\/pepenero.cz\/product\/bruschetta-allaglio-con-pomodoro-fresco-e-basilico-3pcs\/"},"modified":"2021-03-05T14:31:43","modified_gmt":"2021-03-05T14:31:43","slug":"bruschetta-allaglio-con-pomodoro-fresco-e-basilico-3pcs","status":"publish","type":"product","link":"https:\/\/pepenero.cz\/cs\/produkt\/bruschetta-allaglio-con-pomodoro-fresco-e-basilico-3pcs\/","title":{"rendered":"Bruschetta all\u00b4aglio con pomodoro fresco e basilico (3pcs)"},"content":{"rendered":"<p>\u010cesnekov\u00e1 bruschetta s \u010derstv\u00fdmi raj\u010daty a bazalkou<\/p>\n","protected":false},"excerpt":{"rendered":"<p>\u010cesnekov\u00e1 bruschetta s \u010derstv\u00fdmi raj\u010daty a bazalkou <img decoding=\"async\" style=\"margin-left: 20px;\" src=\"https:\/\/pepenero.cz\/restaurace\/wp-content\/uploads\/2021\/03\/vegan_30.png\" \/><br \/>\n<img decoding=\"async\" src=\"https:\/\/pepenero.cz\/restaurace\/wp-content\/uploads\/2021\/03\/vegetarian_30.png\" \/><\/p>\n","protected":false},"featured_media":49,"comment_status":"open","ping_status":"closed","template":"","meta":[],"product_cat":[94],"product_tag":[],"class_list":["post-1006","product","type-product","status-publish","has-post-thumbnail","hentry","product_cat-predkrmy"],"_links":{"self":[{"href":"https:\/\/pepenero.cz\/cs\/wp-json\/wp\/v2\/product\/1006","targetHints":{"allow":["GET"]}}],"collection":[{"href":"https:\/\/pepenero.cz\/cs\/wp-json\/wp\/v2\/product"}],"about":[{"href":"https:\/\/pepenero.cz\/cs\/wp-json\/wp\/v2\/types\/product"}],"replies":[{"embeddable":true,"href":"https:\/\/pepenero.cz\/cs\/wp-json\/wp\/v2\/comments?post=1006"}],"wp:featuredmedia":[{"embeddable":true,"href":"https:\/\/pepenero.cz\/cs\/wp-json\/"}],"wp:attachment":[{"href":"https:\/\/pepenero.cz\/cs\/wp-json\/wp\/v2\/media?parent=1006"}],"wp:term":[{"taxonomy":"product_cat","embeddable":true,"href":"https:\/\/pepenero.cz\/cs\/wp-json\/wp\/v2\/product_cat?post=1006"},{"taxonomy":"product_tag","embeddable":true,"href":"https:\/\/pepenero.cz\/cs\/wp-json\/wp\/v2\/product_tag?post=1006"}],"curies":[{"name":"wp","href":"https:\/\/api.w.org\/{rel}","templated":true}]}}