{"id":1009,"date":"2021-03-05T14:31:43","date_gmt":"2021-03-05T14:31:43","guid":{"rendered":"https:\/\/pepenero.cz\/product\/selezione-di-salumi-classici-italiani\/"},"modified":"2021-03-05T14:31:43","modified_gmt":"2021-03-05T14:31:43","slug":"selezione-di-salumi-classici-italiani","status":"publish","type":"product","link":"https:\/\/pepenero.cz\/cs\/produkt\/selezione-di-salumi-classici-italiani\/","title":{"rendered":"Selezione di salumi classici italiani"},"content":{"rendered":"<p>V\u00fdb\u011br z klasick\u00fdch italsk\u00fdch sal\u00e1m\u016f<\/p>\n","protected":false},"excerpt":{"rendered":"<p>V\u00fdb\u011br z klasick\u00fdch italsk\u00fdch sal\u00e1m\u016f <img decoding=\"async\" style=\"margin-left: 20px;\" src=\"https:\/\/pepenero.cz\/restaurace\/wp-content\/uploads\/2021\/03\/gluten-free_30.png\" \/><\/p>\n","protected":false},"featured_media":0,"comment_status":"closed","ping_status":"closed","template":"","meta":[],"product_cat":[94],"product_tag":[],"class_list":["post-1009","product","type-product","status-publish","hentry","product_cat-predkrmy"],"_links":{"self":[{"href":"https:\/\/pepenero.cz\/cs\/wp-json\/wp\/v2\/product\/1009","targetHints":{"allow":["GET"]}}],"collection":[{"href":"https:\/\/pepenero.cz\/cs\/wp-json\/wp\/v2\/product"}],"about":[{"href":"https:\/\/pepenero.cz\/cs\/wp-json\/wp\/v2\/types\/product"}],"replies":[{"embeddable":true,"href":"https:\/\/pepenero.cz\/cs\/wp-json\/wp\/v2\/comments?post=1009"}],"wp:attachment":[{"href":"https:\/\/pepenero.cz\/cs\/wp-json\/wp\/v2\/media?parent=1009"}],"wp:term":[{"taxonomy":"product_cat","embeddable":true,"href":"https:\/\/pepenero.cz\/cs\/wp-json\/wp\/v2\/product_cat?post=1009"},{"taxonomy":"product_tag","embeddable":true,"href":"https:\/\/pepenero.cz\/cs\/wp-json\/wp\/v2\/product_tag?post=1009"}],"curies":[{"name":"wp","href":"https:\/\/api.w.org\/{rel}","templated":true}]}}