{"id":1010,"date":"2021-03-05T14:31:43","date_gmt":"2021-03-05T14:31:43","guid":{"rendered":"https:\/\/pepenero.cz\/product\/gamberi-aglio-olio-peperoncino-ginger-e-rucola\/"},"modified":"2021-03-05T14:31:43","modified_gmt":"2021-03-05T14:31:43","slug":"gamberi-aglio-olio-peperoncino-ginger-e-rucola","status":"publish","type":"product","link":"https:\/\/pepenero.cz\/cs\/produkt\/gamberi-aglio-olio-peperoncino-ginger-e-rucola\/","title":{"rendered":"Gamberi aglio, olio, peperoncino, ginger e rucola"},"content":{"rendered":"<p>Krevety, \u010desnek, olivov\u00fd olej, chilli, z\u00e1zvor a rukola<\/p>\n","protected":false},"excerpt":{"rendered":"<p>Krevety, \u010desnek, olivov\u00fd olej, chilli, z\u00e1zvor a rukola <img decoding=\"async\" style=\"margin-left: 20px;\" src=\"https:\/\/pepenero.cz\/restaurace\/wp-content\/uploads\/2021\/03\/gluten-free_30.png\" \/><\/p>\n","protected":false},"featured_media":49,"comment_status":"open","ping_status":"closed","template":"","meta":[],"product_cat":[94],"product_tag":[],"class_list":["post-1010","product","type-product","status-publish","has-post-thumbnail","hentry","product_cat-predkrmy"],"_links":{"self":[{"href":"https:\/\/pepenero.cz\/cs\/wp-json\/wp\/v2\/product\/1010","targetHints":{"allow":["GET"]}}],"collection":[{"href":"https:\/\/pepenero.cz\/cs\/wp-json\/wp\/v2\/product"}],"about":[{"href":"https:\/\/pepenero.cz\/cs\/wp-json\/wp\/v2\/types\/product"}],"replies":[{"embeddable":true,"href":"https:\/\/pepenero.cz\/cs\/wp-json\/wp\/v2\/comments?post=1010"}],"wp:featuredmedia":[{"embeddable":true,"href":"https:\/\/pepenero.cz\/cs\/wp-json\/"}],"wp:attachment":[{"href":"https:\/\/pepenero.cz\/cs\/wp-json\/wp\/v2\/media?parent=1010"}],"wp:term":[{"taxonomy":"product_cat","embeddable":true,"href":"https:\/\/pepenero.cz\/cs\/wp-json\/wp\/v2\/product_cat?post=1010"},{"taxonomy":"product_tag","embeddable":true,"href":"https:\/\/pepenero.cz\/cs\/wp-json\/wp\/v2\/product_tag?post=1010"}],"curies":[{"name":"wp","href":"https:\/\/api.w.org\/{rel}","templated":true}]}}