{"id":1037,"date":"2021-03-05T14:31:43","date_gmt":"2021-03-05T14:31:43","guid":{"rendered":"https:\/\/pepenero.cz\/product\/carpaccio-di-manzo-fassona-con-rucola-e-fonduta-di-parmigiano-reggiano\/"},"modified":"2021-05-10T15:44:57","modified_gmt":"2021-05-10T15:44:57","slug":"carpaccio-di-manzo-fassona-con-rucola-e-scaglie-di-parmigiano-reggiano","status":"publish","type":"product","link":"https:\/\/pepenero.cz\/cs\/produkt\/carpaccio-di-manzo-fassona-con-rucola-e-scaglie-di-parmigiano-reggiano\/","title":{"rendered":"Carpaccio di manzo Fassona con rucola e scaglie di Parmigiano Reggiano"},"content":{"rendered":"<p>Carpaccio z hov\u011bz\u00edho masa Fassona s rukolou a hoblinami s\u00fdra Parmigiano Reggiano<\/p>\n","protected":false},"excerpt":{"rendered":"<p>Carpaccio z hov\u011bz\u00edho masa Fassona s rukolou a hoblinami s\u00fdra Parmigiano Reggiano <img decoding=\"async\" src=\"https:\/\/pepenero.cz\/restaurace\/wp-content\/uploads\/2021\/03\/slow-food_30.png\" \/><\/p>\n","protected":false},"featured_media":49,"comment_status":"open","ping_status":"closed","template":"","meta":[],"product_cat":[94],"product_tag":[],"class_list":["post-1037","product","type-product","status-publish","has-post-thumbnail","hentry","product_cat-predkrmy"],"_links":{"self":[{"href":"https:\/\/pepenero.cz\/cs\/wp-json\/wp\/v2\/product\/1037","targetHints":{"allow":["GET"]}}],"collection":[{"href":"https:\/\/pepenero.cz\/cs\/wp-json\/wp\/v2\/product"}],"about":[{"href":"https:\/\/pepenero.cz\/cs\/wp-json\/wp\/v2\/types\/product"}],"replies":[{"embeddable":true,"href":"https:\/\/pepenero.cz\/cs\/wp-json\/wp\/v2\/comments?post=1037"}],"wp:featuredmedia":[{"embeddable":true,"href":"https:\/\/pepenero.cz\/cs\/wp-json\/"}],"wp:attachment":[{"href":"https:\/\/pepenero.cz\/cs\/wp-json\/wp\/v2\/media?parent=1037"}],"wp:term":[{"taxonomy":"product_cat","embeddable":true,"href":"https:\/\/pepenero.cz\/cs\/wp-json\/wp\/v2\/product_cat?post=1037"},{"taxonomy":"product_tag","embeddable":true,"href":"https:\/\/pepenero.cz\/cs\/wp-json\/wp\/v2\/product_tag?post=1037"}],"curies":[{"name":"wp","href":"https:\/\/api.w.org\/{rel}","templated":true}]}}