{"id":1038,"date":"2021-03-05T14:31:43","date_gmt":"2021-03-05T14:31:43","guid":{"rendered":"https:\/\/pepenero.cz\/product\/prosciutto-spagnolo-jamon-iberico-pata-negra\/"},"modified":"2021-03-05T14:31:43","modified_gmt":"2021-03-05T14:31:43","slug":"prosciutto-spagnolo-jamon-iberico-pata-negra","status":"publish","type":"product","link":"https:\/\/pepenero.cz\/cs\/produkt\/prosciutto-spagnolo-jamon-iberico-pata-negra\/","title":{"rendered":"Prosciutto Spagnolo Jamon Iberico \u201cPata Negra\u201c"},"content":{"rendered":"<p>\u0160pan\u011blsk\u00e1 \u0161unka Jamon Iberico \u201cPata Negra\u201c<\/p>\n","protected":false},"excerpt":{"rendered":"<p>\u0160pan\u011blsk\u00e1 \u0161unka Jamon Iberico \u201cPata Negra\u201c <img decoding=\"async\" style=\"margin-left: 20px;\" src=\"https:\/\/pepenero.cz\/restaurace\/wp-content\/uploads\/2021\/03\/gluten-free_30.png\" \/><\/p>\n","protected":false},"featured_media":0,"comment_status":"open","ping_status":"closed","template":"","meta":[],"product_cat":[94,88],"product_tag":[],"class_list":["post-1038","product","type-product","status-publish","hentry","product_cat-predkrmy","product_cat-sezonni"],"_links":{"self":[{"href":"https:\/\/pepenero.cz\/cs\/wp-json\/wp\/v2\/product\/1038","targetHints":{"allow":["GET"]}}],"collection":[{"href":"https:\/\/pepenero.cz\/cs\/wp-json\/wp\/v2\/product"}],"about":[{"href":"https:\/\/pepenero.cz\/cs\/wp-json\/wp\/v2\/types\/product"}],"replies":[{"embeddable":true,"href":"https:\/\/pepenero.cz\/cs\/wp-json\/wp\/v2\/comments?post=1038"}],"wp:attachment":[{"href":"https:\/\/pepenero.cz\/cs\/wp-json\/wp\/v2\/media?parent=1038"}],"wp:term":[{"taxonomy":"product_cat","embeddable":true,"href":"https:\/\/pepenero.cz\/cs\/wp-json\/wp\/v2\/product_cat?post=1038"},{"taxonomy":"product_tag","embeddable":true,"href":"https:\/\/pepenero.cz\/cs\/wp-json\/wp\/v2\/product_tag?post=1038"}],"curies":[{"name":"wp","href":"https:\/\/api.w.org\/{rel}","templated":true}]}}