{"id":1041,"date":"2021-03-05T14:31:44","date_gmt":"2021-03-05T14:31:44","guid":{"rendered":"https:\/\/pepenero.cz\/product\/spaghetti-aglio-olio-peperoncino-e-prezzemolo\/"},"modified":"2021-03-05T14:31:44","modified_gmt":"2021-03-05T14:31:44","slug":"spaghetti-aglio-olio-peperoncino-e-prezzemolo","status":"publish","type":"product","link":"https:\/\/pepenero.cz\/cs\/produkt\/spaghetti-aglio-olio-peperoncino-e-prezzemolo\/","title":{"rendered":"Spaghetti aglio, olio, peperoncino e prezzemolo"},"content":{"rendered":"<p>\u0160pagety na \u010desneku s olivov\u00fdm olejem, chilli a petr\u017eel\u00ed<\/p>\n","protected":false},"excerpt":{"rendered":"<p>\u0160pagety na \u010desneku s olivov\u00fdm olejem, chilli a petr\u017eel\u00ed <img decoding=\"async\" style=\"margin-left: 20px;\" src=\"https:\/\/pepenero.cz\/restaurace\/wp-content\/uploads\/2021\/03\/vegan_30.png\" \/> <img decoding=\"async\" src=\"https:\/\/pepenero.cz\/restaurace\/wp-content\/uploads\/2021\/03\/vegetarian_30.png\" \/><\/p>\n","protected":false},"featured_media":49,"comment_status":"open","ping_status":"closed","template":"","meta":[],"product_cat":[75,88],"product_tag":[],"class_list":["post-1041","product","type-product","status-publish","has-post-thumbnail","hentry","product_cat-klasicka-italska","product_cat-sezonni"],"_links":{"self":[{"href":"https:\/\/pepenero.cz\/cs\/wp-json\/wp\/v2\/product\/1041","targetHints":{"allow":["GET"]}}],"collection":[{"href":"https:\/\/pepenero.cz\/cs\/wp-json\/wp\/v2\/product"}],"about":[{"href":"https:\/\/pepenero.cz\/cs\/wp-json\/wp\/v2\/types\/product"}],"replies":[{"embeddable":true,"href":"https:\/\/pepenero.cz\/cs\/wp-json\/wp\/v2\/comments?post=1041"}],"wp:featuredmedia":[{"embeddable":true,"href":"https:\/\/pepenero.cz\/cs\/wp-json\/"}],"wp:attachment":[{"href":"https:\/\/pepenero.cz\/cs\/wp-json\/wp\/v2\/media?parent=1041"}],"wp:term":[{"taxonomy":"product_cat","embeddable":true,"href":"https:\/\/pepenero.cz\/cs\/wp-json\/wp\/v2\/product_cat?post=1041"},{"taxonomy":"product_tag","embeddable":true,"href":"https:\/\/pepenero.cz\/cs\/wp-json\/wp\/v2\/product_tag?post=1041"}],"curies":[{"name":"wp","href":"https:\/\/api.w.org\/{rel}","templated":true}]}}