{"id":1043,"date":"2021-03-05T14:31:44","date_gmt":"2021-03-05T14:31:44","guid":{"rendered":"https:\/\/pepenero.cz\/product\/spaghetti-alla-carbonara-con-scaglie-di-pecorino\/"},"modified":"2021-03-05T14:31:44","modified_gmt":"2021-03-05T14:31:44","slug":"spaghetti-alla-carbonara-con-scaglie-di-pecorino","status":"publish","type":"product","link":"https:\/\/pepenero.cz\/cs\/produkt\/spaghetti-alla-carbonara-con-scaglie-di-pecorino\/","title":{"rendered":"Spaghetti alla carbonara con scaglie di pecorino"},"content":{"rendered":"<p>\u0160pagety carbonara (slanina, vejce, pep\u0159, hoblinky s\u00fdru pecorino)<\/p>\n","protected":false},"excerpt":{"rendered":"<p>\u0160pagety carbonara (slanina, vejce, pep\u0159, hoblinky s\u00fdru pecorino)<\/p>\n","protected":false},"featured_media":49,"comment_status":"open","ping_status":"closed","template":"","meta":[],"product_cat":[75],"product_tag":[],"class_list":["post-1043","product","type-product","status-publish","has-post-thumbnail","hentry","product_cat-klasicka-italska"],"_links":{"self":[{"href":"https:\/\/pepenero.cz\/cs\/wp-json\/wp\/v2\/product\/1043","targetHints":{"allow":["GET"]}}],"collection":[{"href":"https:\/\/pepenero.cz\/cs\/wp-json\/wp\/v2\/product"}],"about":[{"href":"https:\/\/pepenero.cz\/cs\/wp-json\/wp\/v2\/types\/product"}],"replies":[{"embeddable":true,"href":"https:\/\/pepenero.cz\/cs\/wp-json\/wp\/v2\/comments?post=1043"}],"wp:featuredmedia":[{"embeddable":true,"href":"https:\/\/pepenero.cz\/cs\/wp-json\/"}],"wp:attachment":[{"href":"https:\/\/pepenero.cz\/cs\/wp-json\/wp\/v2\/media?parent=1043"}],"wp:term":[{"taxonomy":"product_cat","embeddable":true,"href":"https:\/\/pepenero.cz\/cs\/wp-json\/wp\/v2\/product_cat?post=1043"},{"taxonomy":"product_tag","embeddable":true,"href":"https:\/\/pepenero.cz\/cs\/wp-json\/wp\/v2\/product_tag?post=1043"}],"curies":[{"name":"wp","href":"https:\/\/api.w.org\/{rel}","templated":true}]}}