{"id":1045,"date":"2021-03-05T14:31:44","date_gmt":"2021-03-05T14:31:44","guid":{"rendered":"https:\/\/pepenero.cz\/product\/penne-allamatriciana-con-pecorino\/"},"modified":"2021-03-05T14:31:44","modified_gmt":"2021-03-05T14:31:44","slug":"penne-allamatriciana-con-pecorino","status":"publish","type":"product","link":"https:\/\/pepenero.cz\/cs\/produkt\/penne-allamatriciana-con-pecorino\/","title":{"rendered":"Penne all\u2019Amatriciana con pecorino"},"content":{"rendered":"<p>Penne all\u2018Amatriciana (cibule, \u010desnek, slanina, chilli, raj\u010datov\u00e1 om\u00e1\u010dka a s\u00fdr pecorino)<\/p>\n","protected":false},"excerpt":{"rendered":"<p>Penne all\u2018Amatriciana (cibule, \u010desnek, slanina, chilli, raj\u010datov\u00e1 om\u00e1\u010dka a s\u00fdr pecorino)<\/p>\n","protected":false},"featured_media":49,"comment_status":"open","ping_status":"closed","template":"","meta":[],"product_cat":[75],"product_tag":[],"class_list":["post-1045","product","type-product","status-publish","has-post-thumbnail","hentry","product_cat-klasicka-italska"],"_links":{"self":[{"href":"https:\/\/pepenero.cz\/cs\/wp-json\/wp\/v2\/product\/1045","targetHints":{"allow":["GET"]}}],"collection":[{"href":"https:\/\/pepenero.cz\/cs\/wp-json\/wp\/v2\/product"}],"about":[{"href":"https:\/\/pepenero.cz\/cs\/wp-json\/wp\/v2\/types\/product"}],"replies":[{"embeddable":true,"href":"https:\/\/pepenero.cz\/cs\/wp-json\/wp\/v2\/comments?post=1045"}],"wp:featuredmedia":[{"embeddable":true,"href":"https:\/\/pepenero.cz\/cs\/wp-json\/"}],"wp:attachment":[{"href":"https:\/\/pepenero.cz\/cs\/wp-json\/wp\/v2\/media?parent=1045"}],"wp:term":[{"taxonomy":"product_cat","embeddable":true,"href":"https:\/\/pepenero.cz\/cs\/wp-json\/wp\/v2\/product_cat?post=1045"},{"taxonomy":"product_tag","embeddable":true,"href":"https:\/\/pepenero.cz\/cs\/wp-json\/wp\/v2\/product_tag?post=1045"}],"curies":[{"name":"wp","href":"https:\/\/api.w.org\/{rel}","templated":true}]}}