{"id":1047,"date":"2021-03-05T14:31:44","date_gmt":"2021-03-05T14:31:44","guid":{"rendered":"https:\/\/pepenero.cz\/product\/tortelli-di-ricotta-e-spinaci-al-burro-e-salvia\/"},"modified":"2021-03-05T14:31:44","modified_gmt":"2021-03-05T14:31:44","slug":"tortelli-di-ricotta-e-spinaci-al-burro-e-salvia","status":"publish","type":"product","link":"https:\/\/pepenero.cz\/cs\/produkt\/tortelli-di-ricotta-e-spinaci-al-burro-e-salvia\/","title":{"rendered":"Tortelli di ricotta e spinaci al burro e salvia"},"content":{"rendered":"<p>Tortelli pln\u011bn\u00e9 ricottou a \u0161pen\u00e1tem na m\u00e1sle se \u0161alv\u011bj\u00ed<\/p>\n","protected":false},"excerpt":{"rendered":"<p>Tortelli pln\u011bn\u00e9 ricottou a \u0161pen\u00e1tem na m\u00e1sle se \u0161alv\u011bj\u00ed<br \/>\n<img decoding=\"async\" src=\"https:\/\/pepenero.cz\/restaurace\/wp-content\/uploads\/2021\/03\/vegetarian_30.png\" \/><\/p>\n","protected":false},"featured_media":49,"comment_status":"open","ping_status":"closed","template":"","meta":[],"product_cat":[78],"product_tag":[],"class_list":["post-1047","product","type-product","status-publish","has-post-thumbnail","hentry","product_cat-cerstve-domaci-testoviny-a-rizota"],"_links":{"self":[{"href":"https:\/\/pepenero.cz\/cs\/wp-json\/wp\/v2\/product\/1047","targetHints":{"allow":["GET"]}}],"collection":[{"href":"https:\/\/pepenero.cz\/cs\/wp-json\/wp\/v2\/product"}],"about":[{"href":"https:\/\/pepenero.cz\/cs\/wp-json\/wp\/v2\/types\/product"}],"replies":[{"embeddable":true,"href":"https:\/\/pepenero.cz\/cs\/wp-json\/wp\/v2\/comments?post=1047"}],"wp:featuredmedia":[{"embeddable":true,"href":"https:\/\/pepenero.cz\/cs\/wp-json\/"}],"wp:attachment":[{"href":"https:\/\/pepenero.cz\/cs\/wp-json\/wp\/v2\/media?parent=1047"}],"wp:term":[{"taxonomy":"product_cat","embeddable":true,"href":"https:\/\/pepenero.cz\/cs\/wp-json\/wp\/v2\/product_cat?post=1047"},{"taxonomy":"product_tag","embeddable":true,"href":"https:\/\/pepenero.cz\/cs\/wp-json\/wp\/v2\/product_tag?post=1047"}],"curies":[{"name":"wp","href":"https:\/\/api.w.org\/{rel}","templated":true}]}}