{"id":1048,"date":"2021-03-05T14:31:44","date_gmt":"2021-03-05T14:31:44","guid":{"rendered":"https:\/\/pepenero.cz\/product\/ravioli-ripieni-di-branzino-con-salsa-alla-mediterranea\/"},"modified":"2021-03-05T14:31:44","modified_gmt":"2021-03-05T14:31:44","slug":"ravioli-ripieni-di-branzino-con-salsa-alla-mediterranea","status":"publish","type":"product","link":"https:\/\/pepenero.cz\/cs\/produkt\/ravioli-ripieni-di-branzino-con-salsa-alla-mediterranea\/","title":{"rendered":"Ravioli ripieni di branzino con salsa alla Mediterranea"},"content":{"rendered":"<p>Ravioli pln\u011bn\u00e9 mo\u0159sk\u00fdm vlkem (s cherry raj\u010d\u00e1tky, \u010desnekem, kapary a olivami)<\/p>\n","protected":false},"excerpt":{"rendered":"<p>Ravioli pln\u011bn\u00e9 mo\u0159sk\u00fdm vlkem (s cherry raj\u010d\u00e1tky, \u010desnekem, kapary a olivami)<\/p>\n","protected":false},"featured_media":49,"comment_status":"open","ping_status":"closed","template":"","meta":[],"product_cat":[78],"product_tag":[],"class_list":["post-1048","product","type-product","status-publish","has-post-thumbnail","hentry","product_cat-cerstve-domaci-testoviny-a-rizota"],"_links":{"self":[{"href":"https:\/\/pepenero.cz\/cs\/wp-json\/wp\/v2\/product\/1048","targetHints":{"allow":["GET"]}}],"collection":[{"href":"https:\/\/pepenero.cz\/cs\/wp-json\/wp\/v2\/product"}],"about":[{"href":"https:\/\/pepenero.cz\/cs\/wp-json\/wp\/v2\/types\/product"}],"replies":[{"embeddable":true,"href":"https:\/\/pepenero.cz\/cs\/wp-json\/wp\/v2\/comments?post=1048"}],"wp:featuredmedia":[{"embeddable":true,"href":"https:\/\/pepenero.cz\/cs\/wp-json\/"}],"wp:attachment":[{"href":"https:\/\/pepenero.cz\/cs\/wp-json\/wp\/v2\/media?parent=1048"}],"wp:term":[{"taxonomy":"product_cat","embeddable":true,"href":"https:\/\/pepenero.cz\/cs\/wp-json\/wp\/v2\/product_cat?post=1048"},{"taxonomy":"product_tag","embeddable":true,"href":"https:\/\/pepenero.cz\/cs\/wp-json\/wp\/v2\/product_tag?post=1048"}],"curies":[{"name":"wp","href":"https:\/\/api.w.org\/{rel}","templated":true}]}}