{"id":1050,"date":"2021-03-05T14:31:44","date_gmt":"2021-03-05T14:31:44","guid":{"rendered":"https:\/\/pepenero.cz\/product\/tagliolini-al-tartufo-nero\/"},"modified":"2021-03-05T14:31:44","modified_gmt":"2021-03-05T14:31:44","slug":"tagliolini-al-tartufo-nero","status":"publish","type":"product","link":"https:\/\/pepenero.cz\/cs\/produkt\/tagliolini-al-tartufo-nero\/","title":{"rendered":"Tagliolini al tartufo nero"},"content":{"rendered":"<p>Tagliolini s \u010dern\u00fdmi lan\u00fd\u017ei<\/p>\n","protected":false},"excerpt":{"rendered":"<p>Tagliolini s \u010dern\u00fdmi lan\u00fd\u017ei <img decoding=\"async\" src=\"https:\/\/pepenero.cz\/restaurace\/wp-content\/uploads\/2021\/03\/vegetarian_30.png\" \/><\/p>\n","protected":false},"featured_media":49,"comment_status":"open","ping_status":"closed","template":"","meta":[],"product_cat":[78,88],"product_tag":[],"class_list":["post-1050","product","type-product","status-publish","has-post-thumbnail","hentry","product_cat-cerstve-domaci-testoviny-a-rizota","product_cat-sezonni"],"_links":{"self":[{"href":"https:\/\/pepenero.cz\/cs\/wp-json\/wp\/v2\/product\/1050","targetHints":{"allow":["GET"]}}],"collection":[{"href":"https:\/\/pepenero.cz\/cs\/wp-json\/wp\/v2\/product"}],"about":[{"href":"https:\/\/pepenero.cz\/cs\/wp-json\/wp\/v2\/types\/product"}],"replies":[{"embeddable":true,"href":"https:\/\/pepenero.cz\/cs\/wp-json\/wp\/v2\/comments?post=1050"}],"wp:featuredmedia":[{"embeddable":true,"href":"https:\/\/pepenero.cz\/cs\/wp-json\/"}],"wp:attachment":[{"href":"https:\/\/pepenero.cz\/cs\/wp-json\/wp\/v2\/media?parent=1050"}],"wp:term":[{"taxonomy":"product_cat","embeddable":true,"href":"https:\/\/pepenero.cz\/cs\/wp-json\/wp\/v2\/product_cat?post=1050"},{"taxonomy":"product_tag","embeddable":true,"href":"https:\/\/pepenero.cz\/cs\/wp-json\/wp\/v2\/product_tag?post=1050"}],"curies":[{"name":"wp","href":"https:\/\/api.w.org\/{rel}","templated":true}]}}