{"id":1051,"date":"2021-03-05T14:31:49","date_gmt":"2021-03-05T14:31:49","guid":{"rendered":"https:\/\/pepenero.cz\/product\/linguine-ai-frutti-di-mare-pomodorini-e-aglio\/"},"modified":"2021-03-05T14:31:49","modified_gmt":"2021-03-05T14:31:49","slug":"linguine-ai-frutti-di-mare-pomodorini-e-aglio","status":"publish","type":"product","link":"https:\/\/pepenero.cz\/cs\/produkt\/linguine-ai-frutti-di-mare-pomodorini-e-aglio\/","title":{"rendered":"Linguine ai frutti di mare, pomodorini e aglio"},"content":{"rendered":"<p>Linguine s plody mo\u0159e, cherry raj\u010d\u00e1tky a \u010desnekem<\/p>\n","protected":false},"excerpt":{"rendered":"<p>Linguine s plody mo\u0159e, cherry raj\u010d\u00e1tky a \u010desnekem<\/p>\n","protected":false},"featured_media":0,"comment_status":"open","ping_status":"closed","template":"","meta":[],"product_cat":[78],"product_tag":[],"class_list":["post-1051","product","type-product","status-publish","hentry","product_cat-cerstve-domaci-testoviny-a-rizota"],"_links":{"self":[{"href":"https:\/\/pepenero.cz\/cs\/wp-json\/wp\/v2\/product\/1051","targetHints":{"allow":["GET"]}}],"collection":[{"href":"https:\/\/pepenero.cz\/cs\/wp-json\/wp\/v2\/product"}],"about":[{"href":"https:\/\/pepenero.cz\/cs\/wp-json\/wp\/v2\/types\/product"}],"replies":[{"embeddable":true,"href":"https:\/\/pepenero.cz\/cs\/wp-json\/wp\/v2\/comments?post=1051"}],"wp:attachment":[{"href":"https:\/\/pepenero.cz\/cs\/wp-json\/wp\/v2\/media?parent=1051"}],"wp:term":[{"taxonomy":"product_cat","embeddable":true,"href":"https:\/\/pepenero.cz\/cs\/wp-json\/wp\/v2\/product_cat?post=1051"},{"taxonomy":"product_tag","embeddable":true,"href":"https:\/\/pepenero.cz\/cs\/wp-json\/wp\/v2\/product_tag?post=1051"}],"curies":[{"name":"wp","href":"https:\/\/api.w.org\/{rel}","templated":true}]}}