{"id":1053,"date":"2021-03-05T14:31:49","date_gmt":"2021-03-05T14:31:49","guid":{"rendered":"https:\/\/pepenero.cz\/product\/risotto-al-nero-di-seppia-con-calamaro-grigliato\/"},"modified":"2021-05-10T15:54:38","modified_gmt":"2021-05-10T15:54:38","slug":"risotto-con-asparagi-e-salmone-affumicato-in-casa","status":"publish","type":"product","link":"https:\/\/pepenero.cz\/cs\/produkt\/risotto-con-asparagi-e-salmone-affumicato-in-casa\/","title":{"rendered":"Risotto con asparagi e salmone affumicato in casa"},"content":{"rendered":"<p>Dom\u00e1c\u00ed ch\u0159estov\u00e9 rizoto s uzen\u00fdm lososem<\/p>\n","protected":false},"excerpt":{"rendered":"<p>Dom\u00e1c\u00ed ch\u0159estov\u00e9 rizoto s uzen\u00fdm lososem<\/p>\n","protected":false},"featured_media":0,"comment_status":"open","ping_status":"closed","template":"","meta":[],"product_cat":[78],"product_tag":[],"class_list":["post-1053","product","type-product","status-publish","hentry","product_cat-cerstve-domaci-testoviny-a-rizota"],"_links":{"self":[{"href":"https:\/\/pepenero.cz\/cs\/wp-json\/wp\/v2\/product\/1053","targetHints":{"allow":["GET"]}}],"collection":[{"href":"https:\/\/pepenero.cz\/cs\/wp-json\/wp\/v2\/product"}],"about":[{"href":"https:\/\/pepenero.cz\/cs\/wp-json\/wp\/v2\/types\/product"}],"replies":[{"embeddable":true,"href":"https:\/\/pepenero.cz\/cs\/wp-json\/wp\/v2\/comments?post=1053"}],"wp:attachment":[{"href":"https:\/\/pepenero.cz\/cs\/wp-json\/wp\/v2\/media?parent=1053"}],"wp:term":[{"taxonomy":"product_cat","embeddable":true,"href":"https:\/\/pepenero.cz\/cs\/wp-json\/wp\/v2\/product_cat?post=1053"},{"taxonomy":"product_tag","embeddable":true,"href":"https:\/\/pepenero.cz\/cs\/wp-json\/wp\/v2\/product_tag?post=1053"}],"curies":[{"name":"wp","href":"https:\/\/api.w.org\/{rel}","templated":true}]}}