{"id":1054,"date":"2021-03-05T14:31:49","date_gmt":"2021-03-05T14:31:49","guid":{"rendered":"https:\/\/pepenero.cz\/product\/petto-di-pollo-con-verdure-miste-alla-griglia-e-demiglace\/"},"modified":"2021-03-05T14:31:49","modified_gmt":"2021-03-05T14:31:49","slug":"petto-di-pollo-con-verdure-miste-alla-griglia-e-demiglace","status":"publish","type":"product","link":"https:\/\/pepenero.cz\/cs\/produkt\/petto-di-pollo-con-verdure-miste-alla-griglia-e-demiglace\/","title":{"rendered":"Petto di pollo con verdure miste alla griglia e demiglace"},"content":{"rendered":"<p>Ku\u0159ec\u00ed prso s M\u00edchan\u00e1 grilovan\u00e1 zelenina a demiglace<\/p>\n","protected":false},"excerpt":{"rendered":"<p>Ku\u0159ec\u00ed prso s M\u00edchan\u00e1 grilovan\u00e1 zelenina a demiglace <img decoding=\"async\" style=\"margin-left: 20px;\" src=\"https:\/\/pepenero.cz\/restaurace\/wp-content\/uploads\/2021\/03\/gluten-free_30.png\" \/><\/p>\n","protected":false},"featured_media":49,"comment_status":"open","ping_status":"closed","template":"","meta":[],"product_cat":[80],"product_tag":[],"class_list":["post-1054","product","type-product","status-publish","has-post-thumbnail","hentry","product_cat-maso"],"_links":{"self":[{"href":"https:\/\/pepenero.cz\/cs\/wp-json\/wp\/v2\/product\/1054","targetHints":{"allow":["GET"]}}],"collection":[{"href":"https:\/\/pepenero.cz\/cs\/wp-json\/wp\/v2\/product"}],"about":[{"href":"https:\/\/pepenero.cz\/cs\/wp-json\/wp\/v2\/types\/product"}],"replies":[{"embeddable":true,"href":"https:\/\/pepenero.cz\/cs\/wp-json\/wp\/v2\/comments?post=1054"}],"wp:featuredmedia":[{"embeddable":true,"href":"https:\/\/pepenero.cz\/cs\/wp-json\/"}],"wp:attachment":[{"href":"https:\/\/pepenero.cz\/cs\/wp-json\/wp\/v2\/media?parent=1054"}],"wp:term":[{"taxonomy":"product_cat","embeddable":true,"href":"https:\/\/pepenero.cz\/cs\/wp-json\/wp\/v2\/product_cat?post=1054"},{"taxonomy":"product_tag","embeddable":true,"href":"https:\/\/pepenero.cz\/cs\/wp-json\/wp\/v2\/product_tag?post=1054"}],"curies":[{"name":"wp","href":"https:\/\/api.w.org\/{rel}","templated":true}]}}