{"id":1057,"date":"2021-03-05T14:31:49","date_gmt":"2021-03-05T14:31:49","guid":{"rendered":"https:\/\/pepenero.cz\/product\/filetti-di-branzino-alla-griglia-con-insalatina-mista-e-salsa-olandese\/"},"modified":"2021-03-05T14:31:49","modified_gmt":"2021-03-05T14:31:49","slug":"filetti-di-branzino-alla-griglia-con-insalatina-mista-e-salsa-olandese","status":"publish","type":"product","link":"https:\/\/pepenero.cz\/cs\/produkt\/filetti-di-branzino-alla-griglia-con-insalatina-mista-e-salsa-olandese\/","title":{"rendered":"Filetti di branzino alla griglia con insalatina mista e salsa olandese"},"content":{"rendered":"<p>Grilovan\u00e9 filety z mo\u0159sk\u00e9ho vlka s m\u00edchan\u00fd sal\u00e1t a holandskou om\u00e1\u010dkou<\/p>\n","protected":false},"excerpt":{"rendered":"<p>Grilovan\u00e9 filety z mo\u0159sk\u00e9ho vlka s m\u00edchan\u00fd sal\u00e1t a holandskou om\u00e1\u010dkou <img decoding=\"async\" style=\"margin-left: 20px;\" src=\"https:\/\/pepenero.cz\/restaurace\/wp-content\/uploads\/2021\/03\/gluten-free_30.png\" \/><\/p>\n","protected":false},"featured_media":49,"comment_status":"open","ping_status":"closed","template":"","meta":[],"product_cat":[76],"product_tag":[],"class_list":["post-1057","product","type-product","status-publish","has-post-thumbnail","hentry","product_cat-ryby"],"_links":{"self":[{"href":"https:\/\/pepenero.cz\/cs\/wp-json\/wp\/v2\/product\/1057","targetHints":{"allow":["GET"]}}],"collection":[{"href":"https:\/\/pepenero.cz\/cs\/wp-json\/wp\/v2\/product"}],"about":[{"href":"https:\/\/pepenero.cz\/cs\/wp-json\/wp\/v2\/types\/product"}],"replies":[{"embeddable":true,"href":"https:\/\/pepenero.cz\/cs\/wp-json\/wp\/v2\/comments?post=1057"}],"wp:featuredmedia":[{"embeddable":true,"href":"https:\/\/pepenero.cz\/cs\/wp-json\/"}],"wp:attachment":[{"href":"https:\/\/pepenero.cz\/cs\/wp-json\/wp\/v2\/media?parent=1057"}],"wp:term":[{"taxonomy":"product_cat","embeddable":true,"href":"https:\/\/pepenero.cz\/cs\/wp-json\/wp\/v2\/product_cat?post=1057"},{"taxonomy":"product_tag","embeddable":true,"href":"https:\/\/pepenero.cz\/cs\/wp-json\/wp\/v2\/product_tag?post=1057"}],"curies":[{"name":"wp","href":"https:\/\/api.w.org\/{rel}","templated":true}]}}