{"id":1070,"date":"2021-03-05T14:31:50","date_gmt":"2021-03-05T14:31:50","guid":{"rendered":"https:\/\/pepenero.cz\/product\/diavola\/"},"modified":"2021-03-05T14:31:50","modified_gmt":"2021-03-05T14:31:50","slug":"diavola","status":"publish","type":"product","link":"https:\/\/pepenero.cz\/cs\/produkt\/diavola\/","title":{"rendered":"Diavola"},"content":{"rendered":"<p>Raj\u010data, mozzarella, pikantn\u00ed sal\u00e1m<\/p>\n","protected":false},"excerpt":{"rendered":"<p>Raj\u010data, mozzarella, pikantn\u00ed sal\u00e1m<\/p>\n","protected":false},"featured_media":49,"comment_status":"open","ping_status":"closed","template":"","meta":[],"product_cat":[82],"product_tag":[],"class_list":["post-1070","product","type-product","status-publish","has-post-thumbnail","hentry","product_cat-pizza-cs"],"_links":{"self":[{"href":"https:\/\/pepenero.cz\/cs\/wp-json\/wp\/v2\/product\/1070","targetHints":{"allow":["GET"]}}],"collection":[{"href":"https:\/\/pepenero.cz\/cs\/wp-json\/wp\/v2\/product"}],"about":[{"href":"https:\/\/pepenero.cz\/cs\/wp-json\/wp\/v2\/types\/product"}],"replies":[{"embeddable":true,"href":"https:\/\/pepenero.cz\/cs\/wp-json\/wp\/v2\/comments?post=1070"}],"wp:featuredmedia":[{"embeddable":true,"href":"https:\/\/pepenero.cz\/cs\/wp-json\/"}],"wp:attachment":[{"href":"https:\/\/pepenero.cz\/cs\/wp-json\/wp\/v2\/media?parent=1070"}],"wp:term":[{"taxonomy":"product_cat","embeddable":true,"href":"https:\/\/pepenero.cz\/cs\/wp-json\/wp\/v2\/product_cat?post=1070"},{"taxonomy":"product_tag","embeddable":true,"href":"https:\/\/pepenero.cz\/cs\/wp-json\/wp\/v2\/product_tag?post=1070"}],"curies":[{"name":"wp","href":"https:\/\/api.w.org\/{rel}","templated":true}]}}