{"id":1072,"date":"2021-03-05T14:31:50","date_gmt":"2021-03-05T14:31:50","guid":{"rendered":"https:\/\/pepenero.cz\/product\/quattro-formaggi\/"},"modified":"2021-03-05T14:31:50","modified_gmt":"2021-03-05T14:31:50","slug":"quattro-formaggi","status":"publish","type":"product","link":"https:\/\/pepenero.cz\/cs\/produkt\/quattro-formaggi\/","title":{"rendered":"Quattro Formaggi"},"content":{"rendered":"<p>Mozzarella, parmez\u00e1n, gorgonzola, uzen\u00fd s\u00fdr provola<\/p>\n","protected":false},"excerpt":{"rendered":"<p>Mozzarella, parmez\u00e1n, gorgonzola, uzen\u00fd s\u00fdr provola <img decoding=\"async\" src=\"https:\/\/pepenero.cz\/restaurace\/wp-content\/uploads\/2021\/03\/vegetarian_30.png\" \/><\/p>\n","protected":false},"featured_media":49,"comment_status":"open","ping_status":"closed","template":"","meta":[],"product_cat":[82],"product_tag":[],"class_list":["post-1072","product","type-product","status-publish","has-post-thumbnail","hentry","product_cat-pizza-cs"],"_links":{"self":[{"href":"https:\/\/pepenero.cz\/cs\/wp-json\/wp\/v2\/product\/1072","targetHints":{"allow":["GET"]}}],"collection":[{"href":"https:\/\/pepenero.cz\/cs\/wp-json\/wp\/v2\/product"}],"about":[{"href":"https:\/\/pepenero.cz\/cs\/wp-json\/wp\/v2\/types\/product"}],"replies":[{"embeddable":true,"href":"https:\/\/pepenero.cz\/cs\/wp-json\/wp\/v2\/comments?post=1072"}],"wp:featuredmedia":[{"embeddable":true,"href":"https:\/\/pepenero.cz\/cs\/wp-json\/"}],"wp:attachment":[{"href":"https:\/\/pepenero.cz\/cs\/wp-json\/wp\/v2\/media?parent=1072"}],"wp:term":[{"taxonomy":"product_cat","embeddable":true,"href":"https:\/\/pepenero.cz\/cs\/wp-json\/wp\/v2\/product_cat?post=1072"},{"taxonomy":"product_tag","embeddable":true,"href":"https:\/\/pepenero.cz\/cs\/wp-json\/wp\/v2\/product_tag?post=1072"}],"curies":[{"name":"wp","href":"https:\/\/api.w.org\/{rel}","templated":true}]}}