{"id":1074,"date":"2021-03-05T14:31:50","date_gmt":"2021-03-05T14:31:50","guid":{"rendered":"https:\/\/pepenero.cz\/product\/amalfi\/"},"modified":"2021-03-05T14:31:50","modified_gmt":"2021-03-05T14:31:50","slug":"amalfi","status":"publish","type":"product","link":"https:\/\/pepenero.cz\/cs\/produkt\/amalfi\/","title":{"rendered":"Amalfi"},"content":{"rendered":"<p>Mozzarella, cherry raj\u010d\u00e1tka, su\u0161en\u00e1 \u0161unka, rukola, parmez\u00e1n<\/p>\n","protected":false},"excerpt":{"rendered":"<p>Mozzarella, cherry raj\u010d\u00e1tka, su\u0161en\u00e1 \u0161unka, rukola, parmez\u00e1n<\/p>\n","protected":false},"featured_media":49,"comment_status":"open","ping_status":"closed","template":"","meta":[],"product_cat":[82],"product_tag":[],"class_list":["post-1074","product","type-product","status-publish","has-post-thumbnail","hentry","product_cat-pizza-cs"],"_links":{"self":[{"href":"https:\/\/pepenero.cz\/cs\/wp-json\/wp\/v2\/product\/1074","targetHints":{"allow":["GET"]}}],"collection":[{"href":"https:\/\/pepenero.cz\/cs\/wp-json\/wp\/v2\/product"}],"about":[{"href":"https:\/\/pepenero.cz\/cs\/wp-json\/wp\/v2\/types\/product"}],"replies":[{"embeddable":true,"href":"https:\/\/pepenero.cz\/cs\/wp-json\/wp\/v2\/comments?post=1074"}],"wp:featuredmedia":[{"embeddable":true,"href":"https:\/\/pepenero.cz\/cs\/wp-json\/"}],"wp:attachment":[{"href":"https:\/\/pepenero.cz\/cs\/wp-json\/wp\/v2\/media?parent=1074"}],"wp:term":[{"taxonomy":"product_cat","embeddable":true,"href":"https:\/\/pepenero.cz\/cs\/wp-json\/wp\/v2\/product_cat?post=1074"},{"taxonomy":"product_tag","embeddable":true,"href":"https:\/\/pepenero.cz\/cs\/wp-json\/wp\/v2\/product_tag?post=1074"}],"curies":[{"name":"wp","href":"https:\/\/api.w.org\/{rel}","templated":true}]}}