{"id":1086,"date":"2021-03-05T14:31:50","date_gmt":"2021-03-05T14:31:50","guid":{"rendered":"https:\/\/pepenero.cz\/product\/valtellina\/"},"modified":"2021-03-05T14:31:50","modified_gmt":"2021-03-05T14:31:50","slug":"valtellina","status":"publish","type":"product","link":"https:\/\/pepenero.cz\/cs\/produkt\/valtellina\/","title":{"rendered":"Valtellina"},"content":{"rendered":"<p>Raj\u010data, mozzarella, bresaola, rukola, parmez\u00e1n, citron, \u010dern\u00fd pep\u0159<\/p>\n","protected":false},"excerpt":{"rendered":"<p>Raj\u010data, mozzarella, bresaola, rukola, parmez\u00e1n, citron, \u010dern\u00fd pep\u0159<\/p>\n","protected":false},"featured_media":49,"comment_status":"open","ping_status":"closed","template":"","meta":[],"product_cat":[82],"product_tag":[],"class_list":["post-1086","product","type-product","status-publish","has-post-thumbnail","hentry","product_cat-pizza-cs"],"_links":{"self":[{"href":"https:\/\/pepenero.cz\/cs\/wp-json\/wp\/v2\/product\/1086","targetHints":{"allow":["GET"]}}],"collection":[{"href":"https:\/\/pepenero.cz\/cs\/wp-json\/wp\/v2\/product"}],"about":[{"href":"https:\/\/pepenero.cz\/cs\/wp-json\/wp\/v2\/types\/product"}],"replies":[{"embeddable":true,"href":"https:\/\/pepenero.cz\/cs\/wp-json\/wp\/v2\/comments?post=1086"}],"wp:featuredmedia":[{"embeddable":true,"href":"https:\/\/pepenero.cz\/cs\/wp-json\/"}],"wp:attachment":[{"href":"https:\/\/pepenero.cz\/cs\/wp-json\/wp\/v2\/media?parent=1086"}],"wp:term":[{"taxonomy":"product_cat","embeddable":true,"href":"https:\/\/pepenero.cz\/cs\/wp-json\/wp\/v2\/product_cat?post=1086"},{"taxonomy":"product_tag","embeddable":true,"href":"https:\/\/pepenero.cz\/cs\/wp-json\/wp\/v2\/product_tag?post=1086"}],"curies":[{"name":"wp","href":"https:\/\/api.w.org\/{rel}","templated":true}]}}