{"id":1092,"date":"2021-03-05T14:31:51","date_gmt":"2021-03-05T14:31:51","guid":{"rendered":"https:\/\/pepenero.cz\/product\/capricciosa\/"},"modified":"2021-03-05T14:31:51","modified_gmt":"2021-03-05T14:31:51","slug":"capricciosa","status":"publish","type":"product","link":"https:\/\/pepenero.cz\/cs\/produkt\/capricciosa\/","title":{"rendered":"Capricciosa"},"content":{"rendered":"<p>Raj\u010data, mozzarella, du\u0161en\u00e1 \u0161unka, klob\u00e1ska, \u017eampiony<\/p>\n","protected":false},"excerpt":{"rendered":"<p>Raj\u010data, mozzarella, du\u0161en\u00e1 \u0161unka, klob\u00e1ska, \u017eampiony<\/p>\n","protected":false},"featured_media":49,"comment_status":"closed","ping_status":"closed","template":"","meta":[],"product_cat":[82],"product_tag":[143],"class_list":["post-1092","product","type-product","status-publish","has-post-thumbnail","hentry","product_cat-pizza-cs","product_tag-pizza-cs"],"_links":{"self":[{"href":"https:\/\/pepenero.cz\/cs\/wp-json\/wp\/v2\/product\/1092","targetHints":{"allow":["GET"]}}],"collection":[{"href":"https:\/\/pepenero.cz\/cs\/wp-json\/wp\/v2\/product"}],"about":[{"href":"https:\/\/pepenero.cz\/cs\/wp-json\/wp\/v2\/types\/product"}],"replies":[{"embeddable":true,"href":"https:\/\/pepenero.cz\/cs\/wp-json\/wp\/v2\/comments?post=1092"}],"wp:featuredmedia":[{"embeddable":true,"href":"https:\/\/pepenero.cz\/cs\/wp-json\/"}],"wp:attachment":[{"href":"https:\/\/pepenero.cz\/cs\/wp-json\/wp\/v2\/media?parent=1092"}],"wp:term":[{"taxonomy":"product_cat","embeddable":true,"href":"https:\/\/pepenero.cz\/cs\/wp-json\/wp\/v2\/product_cat?post=1092"},{"taxonomy":"product_tag","embeddable":true,"href":"https:\/\/pepenero.cz\/cs\/wp-json\/wp\/v2\/product_tag?post=1092"}],"curies":[{"name":"wp","href":"https:\/\/api.w.org\/{rel}","templated":true}]}}