{"id":1094,"date":"2021-03-05T14:31:51","date_gmt":"2021-03-05T14:31:51","guid":{"rendered":"https:\/\/pepenero.cz\/product\/pugliese\/"},"modified":"2021-03-05T14:31:51","modified_gmt":"2021-03-05T14:31:51","slug":"pugliese","status":"publish","type":"product","link":"https:\/\/pepenero.cz\/cs\/produkt\/pugliese\/","title":{"rendered":"Pugliese"},"content":{"rendered":"<p>Raj\u010data, mozzarella, oreg\u00e1no, tu\u0148\u00e1k, cibule, papriky, olive<\/p>\n","protected":false},"excerpt":{"rendered":"<p>Raj\u010data, mozzarella, oreg\u00e1no, tu\u0148\u00e1k, cibule, papriky, olive<\/p>\n","protected":false},"featured_media":49,"comment_status":"closed","ping_status":"closed","template":"","meta":[],"product_cat":[82],"product_tag":[143],"class_list":["post-1094","product","type-product","status-publish","has-post-thumbnail","hentry","product_cat-pizza-cs","product_tag-pizza-cs"],"_links":{"self":[{"href":"https:\/\/pepenero.cz\/cs\/wp-json\/wp\/v2\/product\/1094","targetHints":{"allow":["GET"]}}],"collection":[{"href":"https:\/\/pepenero.cz\/cs\/wp-json\/wp\/v2\/product"}],"about":[{"href":"https:\/\/pepenero.cz\/cs\/wp-json\/wp\/v2\/types\/product"}],"replies":[{"embeddable":true,"href":"https:\/\/pepenero.cz\/cs\/wp-json\/wp\/v2\/comments?post=1094"}],"wp:featuredmedia":[{"embeddable":true,"href":"https:\/\/pepenero.cz\/cs\/wp-json\/"}],"wp:attachment":[{"href":"https:\/\/pepenero.cz\/cs\/wp-json\/wp\/v2\/media?parent=1094"}],"wp:term":[{"taxonomy":"product_cat","embeddable":true,"href":"https:\/\/pepenero.cz\/cs\/wp-json\/wp\/v2\/product_cat?post=1094"},{"taxonomy":"product_tag","embeddable":true,"href":"https:\/\/pepenero.cz\/cs\/wp-json\/wp\/v2\/product_tag?post=1094"}],"curies":[{"name":"wp","href":"https:\/\/api.w.org\/{rel}","templated":true}]}}