{"id":1236,"date":"2021-03-29T14:24:52","date_gmt":"2021-03-29T14:24:52","guid":{"rendered":"https:\/\/pepenero.cz\/product\/cannelloni-alle-verdure\/"},"modified":"2021-05-11T15:01:14","modified_gmt":"2021-05-11T15:01:14","slug":"cannelloni-alle-verdure","status":"publish","type":"product","link":"https:\/\/pepenero.cz\/cs\/produkt\/cannelloni-alle-verdure\/","title":{"rendered":"Cannelloni se zeleninou"},"content":{"rendered":"<p>Dom\u00e1c\u00ed t\u011bstoviny, \u010derstv\u00e1 zelenina, raj\u010datov\u00e1 om\u00e1\u010dka a be\u0161amelov\u00fd kr\u00e9m.<br \/>\nToto tradi\u010dn\u00ed italsk\u00e9 j\u00eddlo je ide\u00e1ln\u00ed pro ned\u011bln\u00ed ob\u011bd nebo rodinnou ve\u010de\u0159i, v\u010detn\u011b vegetari\u00e1n\u016f!<br \/>\nJak p\u0159ipravit: oh\u0159\u00edvejte v mikrovlnn\u00e9 troub\u011b po dobu 2 minut na 850W nebo v klasick\u00e9 troub\u011b na 190\u00b0C po dobu 10 minut.<\/p>\n","protected":false},"excerpt":{"rendered":"<p>Dom\u00e1c\u00ed t\u011bstoviny, \u010derstv\u00e1 zelenina, raj\u010datov\u00e1 om\u00e1\u010dka a be\u0161amelov\u00fd kr\u00e9m.<br \/>\nToto tradi\u010dn\u00ed italsk\u00e9 j\u00eddlo je ide\u00e1ln\u00ed pro ned\u011bln\u00ed ob\u011bd nebo rodinnou ve\u010de\u0159i, v\u010detn\u011b vegetari\u00e1n\u016f!<br \/>\nJak p\u0159ipravit: oh\u0159\u00edvejte v mikrovlnn\u00e9 troub\u011b po dobu 2 minut na 850W nebo v klasick\u00e9 troub\u011b na 190\u00b0C po dobu 10 minut.<\/p>\n","protected":false},"featured_media":491,"comment_status":"open","ping_status":"closed","template":"","meta":[],"product_cat":[96],"product_tag":[110,112,126,138,114,122,154],"class_list":["post-1236","product","type-product","status-publish","has-post-thumbnail","hentry","product_cat-laboratorio","product_tag-cannelloni-cs","product_tag-cannelloni-alle-verure-cs","product_tag-italske-jidlo-cs","product_tag-italske-testoviny","product_tag-italsky-cannelloni","product_tag-prave-italske-jidlo","product_tag-tradicni-italske-jidlo"],"_links":{"self":[{"href":"https:\/\/pepenero.cz\/cs\/wp-json\/wp\/v2\/product\/1236","targetHints":{"allow":["GET"]}}],"collection":[{"href":"https:\/\/pepenero.cz\/cs\/wp-json\/wp\/v2\/product"}],"about":[{"href":"https:\/\/pepenero.cz\/cs\/wp-json\/wp\/v2\/types\/product"}],"replies":[{"embeddable":true,"href":"https:\/\/pepenero.cz\/cs\/wp-json\/wp\/v2\/comments?post=1236"}],"wp:featuredmedia":[{"embeddable":true,"href":"https:\/\/pepenero.cz\/cs\/wp-json\/wp\/v2\/media\/491"}],"wp:attachment":[{"href":"https:\/\/pepenero.cz\/cs\/wp-json\/wp\/v2\/media?parent=1236"}],"wp:term":[{"taxonomy":"product_cat","embeddable":true,"href":"https:\/\/pepenero.cz\/cs\/wp-json\/wp\/v2\/product_cat?post=1236"},{"taxonomy":"product_tag","embeddable":true,"href":"https:\/\/pepenero.cz\/cs\/wp-json\/wp\/v2\/product_tag?post=1236"}],"curies":[{"name":"wp","href":"https:\/\/api.w.org\/{rel}","templated":true}]}}