{"id":1238,"date":"2021-03-29T15:35:10","date_gmt":"2021-03-29T15:35:10","guid":{"rendered":"https:\/\/pepenero.cz\/product\/lasagna-classica-alla-bolognese\/"},"modified":"2021-05-11T15:02:28","modified_gmt":"2021-05-11T15:02:28","slug":"lasagna-classica-alla-bolognese","status":"publish","type":"product","link":"https:\/\/pepenero.cz\/cs\/produkt\/lasagna-classica-alla-bolognese\/","title":{"rendered":"Klasick\u00e9 Lasagn\u011b Bolognese"},"content":{"rendered":"<p>Lasagn\u011b jsou jedn\u00edm z nejzn\u00e1m\u011bj\u0161\u00edch italsk\u00fdch j\u00eddel.<br \/>\nV PepeNero p\u0159ipravujeme na\u0161e lasagn\u011b z \u010derstv\u00fdch surovin a podle tradi\u010dn\u00edch recept\u016f. T\u011bstoviny, hov\u011bz\u00ed om\u00e1\u010dka i be\u0161amelov\u00e1 om\u00e1\u010dka jsou dom\u00e1c\u00ed a \u010derstv\u00e9.<br \/>\nNa\u0161e lasagn\u011b neobsahuj\u00ed konzerva\u010dn\u00ed l\u00e1tky a m\u011bly by b\u00fdt skladov\u00e1ny p\u0159i teplot\u011b mezi 0\u00b0C a 4\u00b0C.<br \/>\nJak p\u0159ipravit: oh\u0159\u00edvejte v mikrovlnn\u00e9 troub\u011b po dobu 2,5 minuty na 850W nebo v klasick\u00e9 troub\u011b na 190\u00b0C  po dobu 12 minut.<\/p>\n","protected":false},"excerpt":{"rendered":"<p>Lasagn\u011b jsou jedn\u00edm z nejzn\u00e1m\u011bj\u0161\u00edch italsk\u00fdch j\u00eddel.<br \/>\nV PepeNero p\u0159ipravujeme na\u0161e lasagn\u011b z \u010derstv\u00fdch surovin a podle tradi\u010dn\u00edch recept\u016f. T\u011bstoviny, hov\u011bz\u00ed om\u00e1\u010dka i be\u0161amelov\u00e1 om\u00e1\u010dka jsou dom\u00e1c\u00ed a \u010derstv\u00e9.<br \/>\nNa\u0161e lasagn\u011b neobsahuj\u00ed konzerva\u010dn\u00ed l\u00e1tky a m\u011bly by b\u00fdt skladov\u00e1ny p\u0159i teplot\u011b mezi 0\u00b0C a 4\u00b0C.<br \/>\nJak p\u0159ipravit: oh\u0159\u00edvejte v mikrovlnn\u00e9 troub\u011b po dobu 2,5 minuty na 850W nebo v klasick\u00e9 troub\u011b na 190\u00b0C  po dobu 12 minut.<\/p>\n","protected":false},"featured_media":493,"comment_status":"open","ping_status":"closed","template":"","meta":[],"product_cat":[96],"product_tag":[116,138,131,132,122,154],"class_list":["post-1238","product","type-product","status-publish","has-post-thumbnail","hentry","product_cat-laboratorio","product_tag-italske-jidlo","product_tag-italske-testoviny","product_tag-lasagne-cs","product_tag-lasagne-alla-bolognese-cs","product_tag-prave-italske-jidlo","product_tag-tradicni-italske-jidlo"],"_links":{"self":[{"href":"https:\/\/pepenero.cz\/cs\/wp-json\/wp\/v2\/product\/1238","targetHints":{"allow":["GET"]}}],"collection":[{"href":"https:\/\/pepenero.cz\/cs\/wp-json\/wp\/v2\/product"}],"about":[{"href":"https:\/\/pepenero.cz\/cs\/wp-json\/wp\/v2\/types\/product"}],"replies":[{"embeddable":true,"href":"https:\/\/pepenero.cz\/cs\/wp-json\/wp\/v2\/comments?post=1238"}],"wp:featuredmedia":[{"embeddable":true,"href":"https:\/\/pepenero.cz\/cs\/wp-json\/wp\/v2\/media\/493"}],"wp:attachment":[{"href":"https:\/\/pepenero.cz\/cs\/wp-json\/wp\/v2\/media?parent=1238"}],"wp:term":[{"taxonomy":"product_cat","embeddable":true,"href":"https:\/\/pepenero.cz\/cs\/wp-json\/wp\/v2\/product_cat?post=1238"},{"taxonomy":"product_tag","embeddable":true,"href":"https:\/\/pepenero.cz\/cs\/wp-json\/wp\/v2\/product_tag?post=1238"}],"curies":[{"name":"wp","href":"https:\/\/api.w.org\/{rel}","templated":true}]}}