{"id":1240,"date":"2021-03-29T15:43:43","date_gmt":"2021-03-29T15:43:43","guid":{"rendered":"https:\/\/pepenero.cz\/product\/melanzane-alla-parmigiana\/"},"modified":"2021-05-11T15:04:43","modified_gmt":"2021-05-11T15:04:43","slug":"melanzane-alla-parmigiana","status":"publish","type":"product","link":"https:\/\/pepenero.cz\/cs\/produkt\/melanzane-alla-parmigiana\/","title":{"rendered":"Lilek parmez\u00e1n"},"content":{"rendered":"<p>Toto tradi\u010dn\u00ed italsk\u00e9 j\u00eddlo je zn\u00e1m\u00e9 po cel\u00e9m sv\u011bt\u011b. Ka\u017ed\u00fd m\u00e1 r\u00e1d chu\u0165 sma\u017een\u00fdch lilk\u016f, raj\u010datov\u00e9 om\u00e1\u010dky a parmaz\u00e1nu.<br \/>\nJe ide\u00e1ln\u00ed na ob\u011bd, ve\u010de\u0159i i jako p\u0159edkrm pro sd\u00edlen\u00ed s p\u0159\u00e1teli a rodinou.<br \/>\nJak p\u0159ipravit: oh\u0159\u00edvejte v mikrovlnn\u00e9 troub\u011b po dobu 1,5 minuty na 850W nebo v klasick\u00e9 troub\u011b na 190\u00b0C po dobu 8 minut.<\/p>\n","protected":false},"excerpt":{"rendered":"<p>Toto tradi\u010dn\u00ed italsk\u00e9 j\u00eddlo je zn\u00e1m\u00e9 po cel\u00e9m sv\u011bt\u011b. Ka\u017ed\u00fd m\u00e1 r\u00e1d chu\u0165 sma\u017een\u00fdch lilk\u016f, raj\u010datov\u00e9 om\u00e1\u010dky a parmaz\u00e1nu.<br \/>\nJe ide\u00e1ln\u00ed na ob\u011bd, ve\u010de\u0159i i jako p\u0159edkrm pro sd\u00edlen\u00ed s p\u0159\u00e1teli a rodinou.<br \/>\nJak p\u0159ipravit: oh\u0159\u00edvejte v mikrovlnn\u00e9 troub\u011b po dobu 1,5 minuty na 850W nebo v klasick\u00e9 troub\u011b na 190\u00b0C po dobu 8 minut.<\/p>\n","protected":false},"featured_media":495,"comment_status":"open","ping_status":"closed","template":"","meta":[],"product_cat":[96],"product_tag":[124,121,135,140,154],"class_list":["post-1240","product","type-product","status-publish","has-post-thumbnail","hentry","product_cat-laboratorio","product_tag-italska-kuchyne-cs","product_tag-italska-kuchyne","product_tag-melanzane-alla-parmigiana-cs","product_tag-tradicni-italska-jidla","product_tag-tradicni-italske-jidlo"],"_links":{"self":[{"href":"https:\/\/pepenero.cz\/cs\/wp-json\/wp\/v2\/product\/1240","targetHints":{"allow":["GET"]}}],"collection":[{"href":"https:\/\/pepenero.cz\/cs\/wp-json\/wp\/v2\/product"}],"about":[{"href":"https:\/\/pepenero.cz\/cs\/wp-json\/wp\/v2\/types\/product"}],"replies":[{"embeddable":true,"href":"https:\/\/pepenero.cz\/cs\/wp-json\/wp\/v2\/comments?post=1240"}],"wp:featuredmedia":[{"embeddable":true,"href":"https:\/\/pepenero.cz\/cs\/wp-json\/wp\/v2\/media\/495"}],"wp:attachment":[{"href":"https:\/\/pepenero.cz\/cs\/wp-json\/wp\/v2\/media?parent=1240"}],"wp:term":[{"taxonomy":"product_cat","embeddable":true,"href":"https:\/\/pepenero.cz\/cs\/wp-json\/wp\/v2\/product_cat?post=1240"},{"taxonomy":"product_tag","embeddable":true,"href":"https:\/\/pepenero.cz\/cs\/wp-json\/wp\/v2\/product_tag?post=1240"}],"curies":[{"name":"wp","href":"https:\/\/api.w.org\/{rel}","templated":true}]}}