{"id":1243,"date":"2021-03-29T15:49:51","date_gmt":"2021-03-29T15:49:51","guid":{"rendered":"https:\/\/pepenero.cz\/product\/ravioli-pollo-vedure\/"},"modified":"2021-05-11T15:06:53","modified_gmt":"2021-05-11T15:06:53","slug":"ravioli-pollo-vedure","status":"publish","type":"product","link":"https:\/\/pepenero.cz\/cs\/produkt\/ravioli-pollo-vedure\/","title":{"rendered":"Ravioli s ku\u0159ec\u00edm masem a zeleninou"},"content":{"rendered":"<p>Vyzkou\u0161ejte jeden z nejprod\u00e1van\u011bj\u0161\u00edch produkt\u016f PepeNero, ravioli s ku\u0159ec\u00edm masem a zeleninou.<br \/>\nSnadno se p\u0159ipravuj\u00ed, jsou vynikaj\u00edc\u00ed s m\u00e1slovo-parmaz\u00e1novou om\u00e1\u010dkou nebo s jednoduchou raj\u010datovou om\u00e1\u010dkou. V ka\u017ed\u00e9m p\u0159\u00edpad\u011b budete m\u00edt chutn\u00fd pokrm na stole za p\u00e1r minut.<br \/>\nJak p\u0159ipravit: va\u0159te po dobu 5 minut ve vrouc\u00ed vod\u011b.<\/p>\n","protected":false},"excerpt":{"rendered":"<p>Vyzkou\u0161ejte jeden z nejprod\u00e1van\u011bj\u0161\u00edch produkt\u016f PepeNero, ravioli s ku\u0159ec\u00edm masem a zeleninou.<br \/>\nSnadno se p\u0159ipravuj\u00ed, jsou vynikaj\u00edc\u00ed s m\u00e1slovo-parmaz\u00e1novou om\u00e1\u010dkou nebo s jednoduchou raj\u010datovou om\u00e1\u010dkou. V ka\u017ed\u00e9m p\u0159\u00edpad\u011b budete m\u00edt chutn\u00fd pokrm na stole za p\u00e1r minut.<br \/>\nJak p\u0159ipravit: va\u0159te po dobu 5 minut ve vrouc\u00ed vod\u011b.<\/p>\n","protected":false},"featured_media":497,"comment_status":"open","ping_status":"closed","template":"","meta":[],"product_cat":[96],"product_tag":[138,146,145],"class_list":["post-1243","product","type-product","status-publish","has-post-thumbnail","hentry","product_cat-laboratorio","product_tag-italske-testoviny","product_tag-kureci-a-zeleninova-ravioli","product_tag-ravioli-cs"],"_links":{"self":[{"href":"https:\/\/pepenero.cz\/cs\/wp-json\/wp\/v2\/product\/1243","targetHints":{"allow":["GET"]}}],"collection":[{"href":"https:\/\/pepenero.cz\/cs\/wp-json\/wp\/v2\/product"}],"about":[{"href":"https:\/\/pepenero.cz\/cs\/wp-json\/wp\/v2\/types\/product"}],"replies":[{"embeddable":true,"href":"https:\/\/pepenero.cz\/cs\/wp-json\/wp\/v2\/comments?post=1243"}],"wp:featuredmedia":[{"embeddable":true,"href":"https:\/\/pepenero.cz\/cs\/wp-json\/wp\/v2\/media\/497"}],"wp:attachment":[{"href":"https:\/\/pepenero.cz\/cs\/wp-json\/wp\/v2\/media?parent=1243"}],"wp:term":[{"taxonomy":"product_cat","embeddable":true,"href":"https:\/\/pepenero.cz\/cs\/wp-json\/wp\/v2\/product_cat?post=1243"},{"taxonomy":"product_tag","embeddable":true,"href":"https:\/\/pepenero.cz\/cs\/wp-json\/wp\/v2\/product_tag?post=1243"}],"curies":[{"name":"wp","href":"https:\/\/api.w.org\/{rel}","templated":true}]}}