{"id":1246,"date":"2021-03-29T16:02:52","date_gmt":"2021-03-29T16:02:52","guid":{"rendered":"https:\/\/pepenero.cz\/product\/tagliolini-all-uovo\/"},"modified":"2021-05-11T15:08:50","modified_gmt":"2021-05-11T15:08:50","slug":"tagliolini","status":"publish","type":"product","link":"https:\/\/pepenero.cz\/cs\/produkt\/tagliolini\/","title":{"rendered":"Tagliolini"},"content":{"rendered":"<p>Jejich n\u00e1zev je odvozen od slovesa \u201ekr\u00e1jet\u201c, proto\u017ee se tradi\u010dn\u011b p\u0159ipravuj\u00ed tak, \u017ee se vyv\u00e1l\u00ed t\u011bsto na tenk\u00fd pl\u00e1t a po vyv\u00e1len\u00ed se nakr\u00e1j\u00ed.<br \/>\nTagliolini jsou hotov\u00e9 za 3 minuty a jsou skv\u011bl\u00e9 s lan\u00fd\u017ei, zeleninou nebo raj\u010datovou om\u00e1\u010dkou.<br \/>\nJak p\u0159ipravit: va\u0159te po dobu 3 minut ve vrouc\u00ed vod\u011b.<\/p>\n","protected":false},"excerpt":{"rendered":"<p>Jejich n\u00e1zev je odvozen od slovesa \u201ekr\u00e1jet\u201c, proto\u017ee se tradi\u010dn\u011b p\u0159ipravuj\u00ed tak, \u017ee se vyv\u00e1l\u00ed t\u011bsto na tenk\u00fd pl\u00e1t a po vyv\u00e1len\u00ed se nakr\u00e1j\u00ed.<br \/>\nTagliolini jsou hotov\u00e9 za 3 minuty a jsou skv\u011bl\u00e9 s lan\u00fd\u017ei, zeleninou nebo raj\u010datovou om\u00e1\u010dkou.<br \/>\nJak p\u0159ipravit: va\u0159te po dobu 3 minut ve vrouc\u00ed vod\u011b.<\/p>\n","protected":false},"featured_media":501,"comment_status":"open","ping_status":"closed","template":"","meta":[],"product_cat":[96],"product_tag":[136,138,154,150],"class_list":["post-1246","product","type-product","status-publish","has-post-thumbnail","hentry","product_cat-laboratorio","product_tag-cerstve-testoviny","product_tag-italske-testoviny","product_tag-tradicni-italske-jidlo","product_tag-vajecne-nudle"],"_links":{"self":[{"href":"https:\/\/pepenero.cz\/cs\/wp-json\/wp\/v2\/product\/1246","targetHints":{"allow":["GET"]}}],"collection":[{"href":"https:\/\/pepenero.cz\/cs\/wp-json\/wp\/v2\/product"}],"about":[{"href":"https:\/\/pepenero.cz\/cs\/wp-json\/wp\/v2\/types\/product"}],"replies":[{"embeddable":true,"href":"https:\/\/pepenero.cz\/cs\/wp-json\/wp\/v2\/comments?post=1246"}],"wp:featuredmedia":[{"embeddable":true,"href":"https:\/\/pepenero.cz\/cs\/wp-json\/wp\/v2\/media\/501"}],"wp:attachment":[{"href":"https:\/\/pepenero.cz\/cs\/wp-json\/wp\/v2\/media?parent=1246"}],"wp:term":[{"taxonomy":"product_cat","embeddable":true,"href":"https:\/\/pepenero.cz\/cs\/wp-json\/wp\/v2\/product_cat?post=1246"},{"taxonomy":"product_tag","embeddable":true,"href":"https:\/\/pepenero.cz\/cs\/wp-json\/wp\/v2\/product_tag?post=1246"}],"curies":[{"name":"wp","href":"https:\/\/api.w.org\/{rel}","templated":true}]}}