{"id":1247,"date":"2021-03-29T16:09:13","date_gmt":"2021-03-29T16:09:13","guid":{"rendered":"https:\/\/pepenero.cz\/product\/tortelli-ricotta-e-spinaci\/"},"modified":"2021-05-11T15:05:55","modified_gmt":"2021-05-11T15:05:55","slug":"tortelli-ricotta-e-spinaci","status":"publish","type":"product","link":"https:\/\/pepenero.cz\/cs\/produkt\/tortelli-ricotta-e-spinaci\/","title":{"rendered":"Tortelli s ricottou a \u0161pen\u00e1tem"},"content":{"rendered":"<p>\u0160\u00e9fkucha\u0159 Antonio a jeho t\u00fdm p\u0159ipravuj\u00ed v PepeNero ka\u017ed\u00fd den \u010derstv\u00e9 dom\u00e1c\u00ed t\u011bstoviny.<br \/>\nPro dokonalou n\u00e1pl\u0148 sm\u00edchaj\u00ed \u010derstv\u00fd s\u00fdr ricotta, \u0161pen\u00e1t, speci\u00e1ln\u00ed sm\u011bs ko\u0159en\u00ed a spoustu l\u00e1sky.<br \/>\nVychutnejte si kvalitu tohoto jednoduch\u00e9ho italsk\u00e9ho j\u00eddla v pohodl\u00ed va\u0161eho domova. Snadn\u00e1 p\u0159\u00edprava, kterou ka\u017ed\u00fd ocen\u00ed.<br \/>\nJak p\u0159ipravit: va\u0159te po dobu 5 minut ve vrouc\u00ed vod\u011b.<\/p>\n","protected":false},"excerpt":{"rendered":"<p>\u0160\u00e9fkucha\u0159 Antonio a jeho t\u00fdm p\u0159ipravuj\u00ed v PepeNero ka\u017ed\u00fd den \u010derstv\u00e9 dom\u00e1c\u00ed t\u011bstoviny.<br \/>\nPro dokonalou n\u00e1pl\u0148 sm\u00edchaj\u00ed \u010derstv\u00fd s\u00fdr ricotta, \u0161pen\u00e1t, speci\u00e1ln\u00ed sm\u011bs ko\u0159en\u00ed a spoustu l\u00e1sky.<br \/>\nVychutnejte si kvalitu tohoto jednoduch\u00e9ho italsk\u00e9ho j\u00eddla v pohodl\u00ed va\u0161eho domova. Snadn\u00e1 p\u0159\u00edprava, kterou ka\u017ed\u00fd ocen\u00ed.<br \/>\nJak p\u0159ipravit: va\u0159te po dobu 5 minut ve vrouc\u00ed vod\u011b.<\/p>\n","protected":false},"featured_media":504,"comment_status":"open","ping_status":"closed","template":"","meta":[],"product_cat":[96],"product_tag":[128,152,154,119],"class_list":["post-1247","product","type-product","status-publish","has-post-thumbnail","hentry","product_cat-laboratorio","product_tag-italske-jidlo-na-prodej","product_tag-tortelli-s-ricottou-a-spenatem","product_tag-tradicni-italske-jidlo","product_tag-varte-sve-italske-jidlo"],"_links":{"self":[{"href":"https:\/\/pepenero.cz\/cs\/wp-json\/wp\/v2\/product\/1247","targetHints":{"allow":["GET"]}}],"collection":[{"href":"https:\/\/pepenero.cz\/cs\/wp-json\/wp\/v2\/product"}],"about":[{"href":"https:\/\/pepenero.cz\/cs\/wp-json\/wp\/v2\/types\/product"}],"replies":[{"embeddable":true,"href":"https:\/\/pepenero.cz\/cs\/wp-json\/wp\/v2\/comments?post=1247"}],"wp:featuredmedia":[{"embeddable":true,"href":"https:\/\/pepenero.cz\/cs\/wp-json\/wp\/v2\/media\/504"}],"wp:attachment":[{"href":"https:\/\/pepenero.cz\/cs\/wp-json\/wp\/v2\/media?parent=1247"}],"wp:term":[{"taxonomy":"product_cat","embeddable":true,"href":"https:\/\/pepenero.cz\/cs\/wp-json\/wp\/v2\/product_cat?post=1247"},{"taxonomy":"product_tag","embeddable":true,"href":"https:\/\/pepenero.cz\/cs\/wp-json\/wp\/v2\/product_tag?post=1247"}],"curies":[{"name":"wp","href":"https:\/\/api.w.org\/{rel}","templated":true}]}}