{"id":1320,"date":"2021-05-10T15:48:06","date_gmt":"2021-05-10T15:48:06","guid":{"rendered":"https:\/\/pepenero.cz\/product\/lasagne-classiche-alla-bolognese\/"},"modified":"2021-05-10T15:48:46","modified_gmt":"2021-05-10T15:48:46","slug":"lasagne-classiche-alla-bolognese","status":"publish","type":"product","link":"https:\/\/pepenero.cz\/cs\/produkt\/lasagne-classiche-alla-bolognese\/","title":{"rendered":"Lasagne classiche alla Bolognese"},"content":{"rendered":"<p>Lasagne s bolo\u0148skou om\u00e1\u010dkou<\/p>\n","protected":false},"excerpt":{"rendered":"<p>Lasagne s bolo\u0148skou om\u00e1\u010dkou<\/p>\n","protected":false},"featured_media":0,"comment_status":"open","ping_status":"closed","template":"","meta":[],"product_cat":[75],"product_tag":[],"class_list":["post-1320","product","type-product","status-publish","hentry","product_cat-klasicka-italska"],"_links":{"self":[{"href":"https:\/\/pepenero.cz\/cs\/wp-json\/wp\/v2\/product\/1320","targetHints":{"allow":["GET"]}}],"collection":[{"href":"https:\/\/pepenero.cz\/cs\/wp-json\/wp\/v2\/product"}],"about":[{"href":"https:\/\/pepenero.cz\/cs\/wp-json\/wp\/v2\/types\/product"}],"replies":[{"embeddable":true,"href":"https:\/\/pepenero.cz\/cs\/wp-json\/wp\/v2\/comments?post=1320"}],"wp:attachment":[{"href":"https:\/\/pepenero.cz\/cs\/wp-json\/wp\/v2\/media?parent=1320"}],"wp:term":[{"taxonomy":"product_cat","embeddable":true,"href":"https:\/\/pepenero.cz\/cs\/wp-json\/wp\/v2\/product_cat?post=1320"},{"taxonomy":"product_tag","embeddable":true,"href":"https:\/\/pepenero.cz\/cs\/wp-json\/wp\/v2\/product_tag?post=1320"}],"curies":[{"name":"wp","href":"https:\/\/api.w.org\/{rel}","templated":true}]}}