{"id":1329,"date":"2021-05-10T16:06:46","date_gmt":"2021-05-10T16:06:46","guid":{"rendered":"https:\/\/pepenero.cz\/product\/filetto-mignon-foie-gras-tartufo-nero-demiglace-spinaci-e-crostino-di-pane\/"},"modified":"2021-05-10T16:07:27","modified_gmt":"2021-05-10T16:07:27","slug":"filetto-mignon-foie-gras-tartufo-nero-demiglace-spinaci-e-crostino-di-pane","status":"publish","type":"product","link":"https:\/\/pepenero.cz\/cs\/produkt\/filetto-mignon-foie-gras-tartufo-nero-demiglace-spinaci-e-crostino-di-pane\/","title":{"rendered":"Filetto mignon, foie gras, tartufo nero, demiglace, spinaci e crostino di pane"},"content":{"rendered":"<p>Filet mignon, pa\u0161tika foie gras, \u010dern\u00fd lan\u00fd\u017e, demi-glace om\u00e1\u010dka, \u0161pen\u00e1t a krutony<\/p>\n","protected":false},"excerpt":{"rendered":"<p>Filet mignon, pa\u0161tika foie gras, \u010dern\u00fd lan\u00fd\u017e, demi-glace om\u00e1\u010dka, \u0161pen\u00e1t a krutony <img decoding=\"async\" src=\"https:\/\/pepenero.cz\/restaurace\/wp-content\/uploads\/2021\/03\/slow-food_30.png\"><\/p>\n","protected":false},"featured_media":0,"comment_status":"open","ping_status":"closed","template":"","meta":[],"product_cat":[80],"product_tag":[],"class_list":["post-1329","product","type-product","status-publish","hentry","product_cat-maso"],"_links":{"self":[{"href":"https:\/\/pepenero.cz\/cs\/wp-json\/wp\/v2\/product\/1329","targetHints":{"allow":["GET"]}}],"collection":[{"href":"https:\/\/pepenero.cz\/cs\/wp-json\/wp\/v2\/product"}],"about":[{"href":"https:\/\/pepenero.cz\/cs\/wp-json\/wp\/v2\/types\/product"}],"replies":[{"embeddable":true,"href":"https:\/\/pepenero.cz\/cs\/wp-json\/wp\/v2\/comments?post=1329"}],"wp:attachment":[{"href":"https:\/\/pepenero.cz\/cs\/wp-json\/wp\/v2\/media?parent=1329"}],"wp:term":[{"taxonomy":"product_cat","embeddable":true,"href":"https:\/\/pepenero.cz\/cs\/wp-json\/wp\/v2\/product_cat?post=1329"},{"taxonomy":"product_tag","embeddable":true,"href":"https:\/\/pepenero.cz\/cs\/wp-json\/wp\/v2\/product_tag?post=1329"}],"curies":[{"name":"wp","href":"https:\/\/api.w.org\/{rel}","templated":true}]}}