{"id":1332,"date":"2021-05-10T16:14:28","date_gmt":"2021-05-10T16:14:28","guid":{"rendered":"https:\/\/pepenero.cz\/product\/bistecca-di-manzo-fassona-frollata-30-40gg\/"},"modified":"2021-09-30T14:12:50","modified_gmt":"2021-09-30T14:12:50","slug":"bistecca-di-manzo-fassona-frollata-30-40gg","status":"publish","type":"product","link":"https:\/\/pepenero.cz\/cs\/produkt\/bistecca-di-manzo-fassona-frollata-30-40gg\/","title":{"rendered":"Bistecca di manzo FASSONA frollata 30\/40gg"},"content":{"rendered":"<p>Hov\u011bz\u00ed steak Fassona sta\u0159en\u00fd steak 30\/40 dn\u00ed &#8211; cena za 100g: 220 K\u010d (min 500g)<\/p>\n","protected":false},"excerpt":{"rendered":"<p>Hov\u011bz\u00ed steak Fassona sta\u0159en\u00fd steak 30\/40 dn\u00ed &#8211; cena za 100g: 220 K\u010d (min 500g) <img decoding=\"async\" src=\"https:\/\/pepenero.cz\/restaurace\/wp-content\/uploads\/2021\/03\/slow-food_30.png\"><\/p>\n","protected":false},"featured_media":0,"comment_status":"open","ping_status":"closed","template":"","meta":[],"product_cat":[80],"product_tag":[],"class_list":["post-1332","product","type-product","status-publish","hentry","product_cat-maso"],"_links":{"self":[{"href":"https:\/\/pepenero.cz\/cs\/wp-json\/wp\/v2\/product\/1332","targetHints":{"allow":["GET"]}}],"collection":[{"href":"https:\/\/pepenero.cz\/cs\/wp-json\/wp\/v2\/product"}],"about":[{"href":"https:\/\/pepenero.cz\/cs\/wp-json\/wp\/v2\/types\/product"}],"replies":[{"embeddable":true,"href":"https:\/\/pepenero.cz\/cs\/wp-json\/wp\/v2\/comments?post=1332"}],"wp:attachment":[{"href":"https:\/\/pepenero.cz\/cs\/wp-json\/wp\/v2\/media?parent=1332"}],"wp:term":[{"taxonomy":"product_cat","embeddable":true,"href":"https:\/\/pepenero.cz\/cs\/wp-json\/wp\/v2\/product_cat?post=1332"},{"taxonomy":"product_tag","embeddable":true,"href":"https:\/\/pepenero.cz\/cs\/wp-json\/wp\/v2\/product_tag?post=1332"}],"curies":[{"name":"wp","href":"https:\/\/api.w.org\/{rel}","templated":true}]}}