{"id":1335,"date":"2021-05-10T16:19:53","date_gmt":"2021-05-10T16:19:53","guid":{"rendered":"https:\/\/pepenero.cz\/product\/hamburger-giotto\/"},"modified":"2021-09-30T14:16:06","modified_gmt":"2021-09-30T14:16:06","slug":"hamburger-giotto","status":"publish","type":"product","link":"https:\/\/pepenero.cz\/cs\/produkt\/hamburger-giotto\/","title":{"rendered":"Hamburger \u00b4\u00b4GIOTTO\u00b4\u00b4"},"content":{"rendered":"<p>Hov\u011bz\u00ed maso \u201eFassona\u201c, \u010dedar, raj\u010de, sal\u00e1t, barbeque om\u00e1\u010dka, karamelizovan\u00e1 cibule, slanina a nakl\u00e1dan\u00e1 okurka<\/p>\n","protected":false},"excerpt":{"rendered":"<p>Hov\u011bz\u00ed maso \u201eFassona\u201c, \u010dedar, raj\u010de, sal\u00e1t, barbeque om\u00e1\u010dka, karamelizovan\u00e1 cibule, slanina a nakl\u00e1dan\u00e1 okurka <img decoding=\"async\" src=\"https:\/\/pepenero.cz\/restaurace\/wp-content\/uploads\/2021\/03\/slow-food_30.png\"><\/p>\n","protected":false},"featured_media":0,"comment_status":"open","ping_status":"closed","template":"","meta":[],"product_cat":[80],"product_tag":[],"class_list":["post-1335","product","type-product","status-publish","hentry","product_cat-maso"],"_links":{"self":[{"href":"https:\/\/pepenero.cz\/cs\/wp-json\/wp\/v2\/product\/1335","targetHints":{"allow":["GET"]}}],"collection":[{"href":"https:\/\/pepenero.cz\/cs\/wp-json\/wp\/v2\/product"}],"about":[{"href":"https:\/\/pepenero.cz\/cs\/wp-json\/wp\/v2\/types\/product"}],"replies":[{"embeddable":true,"href":"https:\/\/pepenero.cz\/cs\/wp-json\/wp\/v2\/comments?post=1335"}],"wp:attachment":[{"href":"https:\/\/pepenero.cz\/cs\/wp-json\/wp\/v2\/media?parent=1335"}],"wp:term":[{"taxonomy":"product_cat","embeddable":true,"href":"https:\/\/pepenero.cz\/cs\/wp-json\/wp\/v2\/product_cat?post=1335"},{"taxonomy":"product_tag","embeddable":true,"href":"https:\/\/pepenero.cz\/cs\/wp-json\/wp\/v2\/product_tag?post=1335"}],"curies":[{"name":"wp","href":"https:\/\/api.w.org\/{rel}","templated":true}]}}