{"id":1338,"date":"2021-03-05T14:31:41","date_gmt":"2021-05-10T16:26:41","guid":{"rendered":"https:\/\/pepenero.cz\/product\/hamburger-pepenero\/"},"modified":"2021-05-10T16:27:33","modified_gmt":"2021-05-10T16:27:33","slug":"hamburger-pepenero","status":"publish","type":"product","link":"https:\/\/pepenero.cz\/cs\/produkt\/hamburger-pepenero\/","title":{"rendered":"Hamburger \u00b4\u00b4PEPENERO\u00b4\u00b4"},"content":{"rendered":"<p>Sma\u017een\u00fd losos, avok\u00e1do, raj\u010de, sal\u00e1t, estragonov\u00e1 majon\u00e9za<\/p>\n","protected":false},"excerpt":{"rendered":"<p>Sma\u017een\u00fd losos, avok\u00e1do, raj\u010de, sal\u00e1t, estragonov\u00e1 majon\u00e9za<\/p>\n","protected":false},"featured_media":0,"comment_status":"open","ping_status":"closed","template":"","meta":[],"product_cat":[76],"product_tag":[],"class_list":["post-1338","product","type-product","status-publish","hentry","product_cat-ryby"],"_links":{"self":[{"href":"https:\/\/pepenero.cz\/cs\/wp-json\/wp\/v2\/product\/1338","targetHints":{"allow":["GET"]}}],"collection":[{"href":"https:\/\/pepenero.cz\/cs\/wp-json\/wp\/v2\/product"}],"about":[{"href":"https:\/\/pepenero.cz\/cs\/wp-json\/wp\/v2\/types\/product"}],"replies":[{"embeddable":true,"href":"https:\/\/pepenero.cz\/cs\/wp-json\/wp\/v2\/comments?post=1338"}],"wp:attachment":[{"href":"https:\/\/pepenero.cz\/cs\/wp-json\/wp\/v2\/media?parent=1338"}],"wp:term":[{"taxonomy":"product_cat","embeddable":true,"href":"https:\/\/pepenero.cz\/cs\/wp-json\/wp\/v2\/product_cat?post=1338"},{"taxonomy":"product_tag","embeddable":true,"href":"https:\/\/pepenero.cz\/cs\/wp-json\/wp\/v2\/product_tag?post=1338"}],"curies":[{"name":"wp","href":"https:\/\/api.w.org\/{rel}","templated":true}]}}