{"id":1344,"date":"2021-05-10T16:40:08","date_gmt":"2021-05-10T16:40:08","guid":{"rendered":"https:\/\/pepenero.cz\/product\/sgroppino-al-limone-con-babba-al-limoncello\/"},"modified":"2021-05-10T16:40:47","modified_gmt":"2021-05-10T16:40:47","slug":"sgroppino-al-limone-con-babba-al-limoncello","status":"publish","type":"product","link":"https:\/\/pepenero.cz\/cs\/produkt\/sgroppino-al-limone-con-babba-al-limoncello\/","title":{"rendered":"Sgroppino al limone con babb\u00e1 al limoncello"},"content":{"rendered":"<p>Citronov\u00fd sorbet s pi\u0161kotov\u00fdm dortem Limoncello<\/p>\n","protected":false},"excerpt":{"rendered":"<p>Citronov\u00fd sorbet s pi\u0161kotov\u00fdm dortem Limoncello<\/p>\n","protected":false},"featured_media":0,"comment_status":"open","ping_status":"closed","template":"","meta":[],"product_cat":[159],"product_tag":[],"class_list":["post-1344","product","type-product","status-publish","hentry","product_cat-dezerty"],"_links":{"self":[{"href":"https:\/\/pepenero.cz\/cs\/wp-json\/wp\/v2\/product\/1344","targetHints":{"allow":["GET"]}}],"collection":[{"href":"https:\/\/pepenero.cz\/cs\/wp-json\/wp\/v2\/product"}],"about":[{"href":"https:\/\/pepenero.cz\/cs\/wp-json\/wp\/v2\/types\/product"}],"replies":[{"embeddable":true,"href":"https:\/\/pepenero.cz\/cs\/wp-json\/wp\/v2\/comments?post=1344"}],"wp:attachment":[{"href":"https:\/\/pepenero.cz\/cs\/wp-json\/wp\/v2\/media?parent=1344"}],"wp:term":[{"taxonomy":"product_cat","embeddable":true,"href":"https:\/\/pepenero.cz\/cs\/wp-json\/wp\/v2\/product_cat?post=1344"},{"taxonomy":"product_tag","embeddable":true,"href":"https:\/\/pepenero.cz\/cs\/wp-json\/wp\/v2\/product_tag?post=1344"}],"curies":[{"name":"wp","href":"https:\/\/api.w.org\/{rel}","templated":true}]}}