{"id":1350,"date":"2021-05-10T16:46:23","date_gmt":"2021-05-10T16:46:23","guid":{"rendered":"https:\/\/pepenero.cz\/product\/tortino-al-cioccolato\/"},"modified":"2021-10-28T13:38:11","modified_gmt":"2021-10-28T13:38:11","slug":"tortino-al-cioccolato","status":"publish","type":"product","link":"https:\/\/pepenero.cz\/cs\/produkt\/tortino-al-cioccolato\/","title":{"rendered":"Tortino al cioccolato"},"content":{"rendered":"<p>Hork\u00e1 \u010dokol\u00e1da, vanilkov\u00e1 zmrzlina, mandlov\u00e1 dr\u0165, \u010dern\u00e9 t\u0159e\u0161n\u011b<\/p>\n","protected":false},"excerpt":{"rendered":"<p>Hork\u00e1 \u010dokol\u00e1da, vanilkov\u00e1 zmrzlina, mandlov\u00e1 dr\u0165, \u010dern\u00e9 t\u0159e\u0161n\u011b<\/p>\n","protected":false},"featured_media":0,"comment_status":"open","ping_status":"closed","template":"","meta":[],"product_cat":[159],"product_tag":[],"class_list":["post-1350","product","type-product","status-publish","hentry","product_cat-dezerty"],"_links":{"self":[{"href":"https:\/\/pepenero.cz\/cs\/wp-json\/wp\/v2\/product\/1350","targetHints":{"allow":["GET"]}}],"collection":[{"href":"https:\/\/pepenero.cz\/cs\/wp-json\/wp\/v2\/product"}],"about":[{"href":"https:\/\/pepenero.cz\/cs\/wp-json\/wp\/v2\/types\/product"}],"replies":[{"embeddable":true,"href":"https:\/\/pepenero.cz\/cs\/wp-json\/wp\/v2\/comments?post=1350"}],"wp:attachment":[{"href":"https:\/\/pepenero.cz\/cs\/wp-json\/wp\/v2\/media?parent=1350"}],"wp:term":[{"taxonomy":"product_cat","embeddable":true,"href":"https:\/\/pepenero.cz\/cs\/wp-json\/wp\/v2\/product_cat?post=1350"},{"taxonomy":"product_tag","embeddable":true,"href":"https:\/\/pepenero.cz\/cs\/wp-json\/wp\/v2\/product_tag?post=1350"}],"curies":[{"name":"wp","href":"https:\/\/api.w.org\/{rel}","templated":true}]}}