{"id":1425,"date":"2021-03-05T14:31:45","date_gmt":"2021-09-30T09:40:46","guid":{"rendered":"https:\/\/pepenero.cz\/?post_type=product&#038;p=1425"},"modified":"2021-09-30T10:01:17","modified_gmt":"2021-09-30T10:01:17","slug":"vitello-tonnato","status":"publish","type":"product","link":"https:\/\/pepenero.cz\/cs\/produkt\/vitello-tonnato\/","title":{"rendered":"Vitello tonnato"},"content":{"rendered":"<p>Telec\u00ed maso s tradi\u010dn\u00ed tu\u0148\u00e1kovou om\u00e1\u010dkou<\/p>\n","protected":false},"excerpt":{"rendered":"<p>Telec\u00ed maso s tradi\u010dn\u00ed tu\u0148\u00e1kovou om\u00e1\u010dkou<\/p>\n","protected":false},"featured_media":49,"comment_status":"closed","ping_status":"closed","template":"","meta":[],"product_cat":[94],"product_tag":[],"class_list":["post-1425","product","type-product","status-publish","has-post-thumbnail","hentry","product_cat-predkrmy"],"_links":{"self":[{"href":"https:\/\/pepenero.cz\/cs\/wp-json\/wp\/v2\/product\/1425","targetHints":{"allow":["GET"]}}],"collection":[{"href":"https:\/\/pepenero.cz\/cs\/wp-json\/wp\/v2\/product"}],"about":[{"href":"https:\/\/pepenero.cz\/cs\/wp-json\/wp\/v2\/types\/product"}],"replies":[{"embeddable":true,"href":"https:\/\/pepenero.cz\/cs\/wp-json\/wp\/v2\/comments?post=1425"}],"wp:featuredmedia":[{"embeddable":true,"href":"https:\/\/pepenero.cz\/cs\/wp-json\/"}],"wp:attachment":[{"href":"https:\/\/pepenero.cz\/cs\/wp-json\/wp\/v2\/media?parent=1425"}],"wp:term":[{"taxonomy":"product_cat","embeddable":true,"href":"https:\/\/pepenero.cz\/cs\/wp-json\/wp\/v2\/product_cat?post=1425"},{"taxonomy":"product_tag","embeddable":true,"href":"https:\/\/pepenero.cz\/cs\/wp-json\/wp\/v2\/product_tag?post=1425"}],"curies":[{"name":"wp","href":"https:\/\/api.w.org\/{rel}","templated":true}]}}