{"id":1436,"date":"2021-09-30T13:50:51","date_gmt":"2021-09-30T13:50:52","guid":{"rendered":"https:\/\/pepenero.cz\/?post_type=product&#038;p=1436"},"modified":"2021-09-30T13:53:34","modified_gmt":"2021-09-30T13:53:34","slug":"mezzi-paccheri-di-gragnano-con-gambero-rosso-e-tarallo-al-nero-di-seppia","status":"publish","type":"product","link":"https:\/\/pepenero.cz\/cs\/produkt\/mezzi-paccheri-di-gragnano-con-gambero-rosso-e-tarallo-al-nero-di-seppia\/","title":{"rendered":"Mezzi paccheri di Gragnano con gambero rosso e tarallo al nero di seppia"},"content":{"rendered":"<p>T\u011bstoviny Mezzi paccheri di Gragnano s \u010derven\u00fdmi krevetami a \u010dern\u00fdm tarallo<\/p>\n","protected":false},"excerpt":{"rendered":"<p>T\u011bstoviny Mezzi paccheri di Gragnano s \u010derven\u00fdmi krevetami a \u010dern\u00fdm tarallo<\/p>\n","protected":false},"featured_media":49,"comment_status":"open","ping_status":"closed","template":"","meta":[],"product_cat":[78],"product_tag":[],"class_list":["post-1436","product","type-product","status-publish","has-post-thumbnail","hentry","product_cat-cerstve-domaci-testoviny-a-rizota"],"_links":{"self":[{"href":"https:\/\/pepenero.cz\/cs\/wp-json\/wp\/v2\/product\/1436","targetHints":{"allow":["GET"]}}],"collection":[{"href":"https:\/\/pepenero.cz\/cs\/wp-json\/wp\/v2\/product"}],"about":[{"href":"https:\/\/pepenero.cz\/cs\/wp-json\/wp\/v2\/types\/product"}],"replies":[{"embeddable":true,"href":"https:\/\/pepenero.cz\/cs\/wp-json\/wp\/v2\/comments?post=1436"}],"wp:featuredmedia":[{"embeddable":true,"href":"https:\/\/pepenero.cz\/cs\/wp-json\/"}],"wp:attachment":[{"href":"https:\/\/pepenero.cz\/cs\/wp-json\/wp\/v2\/media?parent=1436"}],"wp:term":[{"taxonomy":"product_cat","embeddable":true,"href":"https:\/\/pepenero.cz\/cs\/wp-json\/wp\/v2\/product_cat?post=1436"},{"taxonomy":"product_tag","embeddable":true,"href":"https:\/\/pepenero.cz\/cs\/wp-json\/wp\/v2\/product_tag?post=1436"}],"curies":[{"name":"wp","href":"https:\/\/api.w.org\/{rel}","templated":true}]}}