{"id":1439,"date":"2021-09-30T13:56:15","date_gmt":"2021-09-30T13:56:15","guid":{"rendered":"https:\/\/pepenero.cz\/?post_type=product&#038;p=1439"},"modified":"2021-09-30T13:58:45","modified_gmt":"2021-09-30T13:58:45","slug":"risotto-allo-zafferano-con-ossobuco-alla-milanese","status":"publish","type":"product","link":"https:\/\/pepenero.cz\/cs\/produkt\/risotto-allo-zafferano-con-ossobuco-alla-milanese\/","title":{"rendered":"Risotto allo zafferano con ossobuco alla milanese"},"content":{"rendered":"<p>\u0160afr\u00e1nov\u00e9 rizoto s morkovou kost\u00ed<\/p>\n","protected":false},"excerpt":{"rendered":"<p>\u0160afr\u00e1nov\u00e9 rizoto s morkovou kost\u00ed<\/p>\n","protected":false},"featured_media":49,"comment_status":"open","ping_status":"closed","template":"","meta":[],"product_cat":[78],"product_tag":[],"class_list":["post-1439","product","type-product","status-publish","has-post-thumbnail","hentry","product_cat-cerstve-domaci-testoviny-a-rizota"],"_links":{"self":[{"href":"https:\/\/pepenero.cz\/cs\/wp-json\/wp\/v2\/product\/1439","targetHints":{"allow":["GET"]}}],"collection":[{"href":"https:\/\/pepenero.cz\/cs\/wp-json\/wp\/v2\/product"}],"about":[{"href":"https:\/\/pepenero.cz\/cs\/wp-json\/wp\/v2\/types\/product"}],"replies":[{"embeddable":true,"href":"https:\/\/pepenero.cz\/cs\/wp-json\/wp\/v2\/comments?post=1439"}],"wp:featuredmedia":[{"embeddable":true,"href":"https:\/\/pepenero.cz\/cs\/wp-json\/"}],"wp:attachment":[{"href":"https:\/\/pepenero.cz\/cs\/wp-json\/wp\/v2\/media?parent=1439"}],"wp:term":[{"taxonomy":"product_cat","embeddable":true,"href":"https:\/\/pepenero.cz\/cs\/wp-json\/wp\/v2\/product_cat?post=1439"},{"taxonomy":"product_tag","embeddable":true,"href":"https:\/\/pepenero.cz\/cs\/wp-json\/wp\/v2\/product_tag?post=1439"}],"curies":[{"name":"wp","href":"https:\/\/api.w.org\/{rel}","templated":true}]}}