{"id":998,"date":"2021-03-05T14:31:42","date_gmt":"2021-03-05T14:31:42","guid":{"rendered":"https:\/\/pepenero.cz\/product\/consomme-di-pollo-con-tortellini-fatti-in-casa\/"},"modified":"2021-05-10T15:34:42","modified_gmt":"2021-05-10T15:34:42","slug":"consomme-di-pollo-con-canederli","status":"publish","type":"product","link":"https:\/\/pepenero.cz\/cs\/produkt\/consomme-di-pollo-con-canederli\/","title":{"rendered":"Consomm\u00e9 di pollo con canederli"},"content":{"rendered":"<p>Ku\u0159ec\u00ed v\u00fdvar s  noky<\/p>\n","protected":false},"excerpt":{"rendered":"<p>Ku\u0159ec\u00ed v\u00fdvar s  noky<\/p>\n","protected":false},"featured_media":49,"comment_status":"closed","ping_status":"closed","template":"","meta":[],"product_cat":[92],"product_tag":[],"class_list":["post-998","product","type-product","status-publish","has-post-thumbnail","hentry","product_cat-polevky"],"_links":{"self":[{"href":"https:\/\/pepenero.cz\/cs\/wp-json\/wp\/v2\/product\/998","targetHints":{"allow":["GET"]}}],"collection":[{"href":"https:\/\/pepenero.cz\/cs\/wp-json\/wp\/v2\/product"}],"about":[{"href":"https:\/\/pepenero.cz\/cs\/wp-json\/wp\/v2\/types\/product"}],"replies":[{"embeddable":true,"href":"https:\/\/pepenero.cz\/cs\/wp-json\/wp\/v2\/comments?post=998"}],"wp:featuredmedia":[{"embeddable":true,"href":"https:\/\/pepenero.cz\/cs\/wp-json\/"}],"wp:attachment":[{"href":"https:\/\/pepenero.cz\/cs\/wp-json\/wp\/v2\/media?parent=998"}],"wp:term":[{"taxonomy":"product_cat","embeddable":true,"href":"https:\/\/pepenero.cz\/cs\/wp-json\/wp\/v2\/product_cat?post=998"},{"taxonomy":"product_tag","embeddable":true,"href":"https:\/\/pepenero.cz\/cs\/wp-json\/wp\/v2\/product_tag?post=998"}],"curies":[{"name":"wp","href":"https:\/\/api.w.org\/{rel}","templated":true}]}}